{"id":2011,"date":"2025-07-18T10:58:56","date_gmt":"2025-07-18T10:58:56","guid":{"rendered":"https:\/\/dev.endk.bertaeins.ch\/inlaendische-erneuerbare-stromproduktion-microsite\/"},"modified":"2025-08-28T06:42:44","modified_gmt":"2025-08-28T06:42:44","slug":"production-indigene-delectricite-renouvelable","status":"publish","type":"page","link":"https:\/\/endk.ch\/fr\/production-indigene-delectricite-renouvelable\/","title":{"rendered":"Production indig\u00e8ne d\u2019\u00e9lectricit\u00e9 renouvelable"},"content":{"rendered":"\n<div class=\"wp-block-group\" style=\"padding-top:6rem;padding-bottom:6rem\"><div class=\"wp-block-group__inner-container is-layout-constrained wp-block-group-is-layout-constrained\">\n<h2 class=\"wp-block-heading has-large-font-size\">Production indig\u00e8ne d\u2019\u00e9lectricit\u00e9 renouvelable<\/h2>\n\n\n\n<p>L\u2019EnDK s\u2019engage en faveur d\u2019un d\u00e9veloppement rapide et soutenu de la production indig\u00e8ne d\u2019\u00e9lectricit\u00e9 renouvelable et de la mise en place de conditions-cadres appropri\u00e9es. L\u2019exploitation des installations existantes doit \u00e9galement \u00eatre maintenue.<\/p>\n<\/div><\/div>\n\n\n\n<div style=\"height:50px\" aria-hidden=\"true\" class=\"wp-block-spacer\"><\/div>\n\n\n\n<h3 class=\"wp-block-heading has-blau-color has-text-color has-link-color wp-elements-2acc81d6a4546f59db525ae568a34f72\">Le d\u00e9veloppement des \u00e9nergies renouvelables est une priorit\u00e9 absolue<\/h3>\n\n\n\n<div style=\"height:50px\" aria-hidden=\"true\" class=\"wp-block-spacer\"><\/div>\n\n\n\n<div class=\"wp-block-columns is-layout-flex wp-container-core-columns-is-layout-9d6595d7 wp-block-columns-is-layout-flex\">\n<div class=\"wp-block-column is-layout-flow wp-block-column-is-layout-flow\" style=\"flex-basis:60%\">\n<p><strong>Un d\u00e9veloppement soutenu de la production est n\u00e9cessaire<\/strong><\/p>\n\n\n\n<p>Pour atteindre l\u2019objectif de z\u00e9ro \u00e9mission nette, une forte \u00e9lectrification est \u00e0 pr\u00e9voir, en particulier dans les domaines de l\u2019approvisionnement en chaleur, de la mobilit\u00e9 et de l\u2019industrie. La demande en \u00e9lectricit\u00e9 est donc appel\u00e9e \u00e0 augmenter de mani\u00e8re significative, malgr\u00e9 les efforts r\u00e9alis\u00e9s en termes de sobri\u00e9t\u00e9 et d\u2019efficacit\u00e9. La Conf\u00e9d\u00e9ration pr\u00e9voit une augmentation d\u2019environ un quart de la demande en \u00e9lectricit\u00e9 au cours des 25 prochaines ann\u00e9es. \u00c0 cela s\u2019ajoute le d\u00e9mant\u00e8lement des centrales nucl\u00e9aires existantes. Celles-ci fournissent aujourd\u2019hui encore environ un tiers de la production d\u2019\u00e9lectricit\u00e9 suisse, qui devra \u00e9galement \u00eatre remplac\u00e9 \u00e0 l\u2019avenir.<\/p>\n<\/div>\n\n\n\n<div class=\"wp-block-column is-layout-flow wp-block-column-is-layout-flow\" style=\"flex-basis:40%\">\n<figure class=\"wp-block-image size-full is-resized\"><img loading=\"lazy\" decoding=\"async\" width=\"1200\" height=\"850\" src=\"http:\/\/endk.ch\/wp-content\/uploads\/2025\/07\/Staumauer_Mauvoisin_2023_12.jpg\" alt=\"\" class=\"wp-image-1523\" style=\"object-fit:cover;width:391px;height:337px\" srcset=\"https:\/\/endk.ch\/wp-content\/uploads\/2025\/07\/Staumauer_Mauvoisin_2023_12.jpg 1200w, https:\/\/endk.ch\/wp-content\/uploads\/2025\/07\/Staumauer_Mauvoisin_2023_12-300x213.jpg 300w, https:\/\/endk.ch\/wp-content\/uploads\/2025\/07\/Staumauer_Mauvoisin_2023_12-1024x725.jpg 1024w, https:\/\/endk.ch\/wp-content\/uploads\/2025\/07\/Staumauer_Mauvoisin_2023_12-768x544.jpg 768w\" sizes=\"auto, (max-width: 1200px) 100vw, 1200px\" \/><\/figure>\n<\/div>\n<\/div>\n\n\n\n<div style=\"height:50px\" aria-hidden=\"true\" class=\"wp-block-spacer\"><\/div>\n\n\n\n<p><strong>D\u00e9veloppement rapide de toutes les \u00e9nergies renouvelables<\/strong><\/p>\n\n\n\n<p>Pour garantir la s\u00e9curit\u00e9 de l\u2019approvisionnement en \u00e9lectricit\u00e9, il est n\u00e9cessaire de d\u00e9velopper consid\u00e9rablement la production d\u2019\u00e9lectricit\u00e9 en Suisse. Compte tenu des technologies disponibles, seules les \u00e9nergies renouvelables telles que l\u2019\u00e9nergie hydraulique, l\u2019\u00e9nergie solaire, l\u2019\u00e9nergie \u00e9olienne ou la biomasse sont en mesure d\u2019apporter une contribution dans un d\u00e9lai raisonnable. Un mix \u00e9nerg\u00e9tique aussi vari\u00e9 que possible augmente la r\u00e9silience du syst\u00e8me \u00e9nerg\u00e9tique, et ce m\u00eame en hiver. L\u2019EnDK s\u2019engage donc en faveur du d\u00e9veloppement de toutes les \u00e9nergies renouvelables indig\u00e8nes.<\/p>\n\n\n\n<p><strong>Des conditions-cadres propices \u00e0 un d\u00e9veloppement rapide<\/strong><\/p>\n\n\n\n<p>Le d\u00e9veloppement de la production indig\u00e8ne d\u2019\u00e9nergie renouvelable d\u00e9pend de nombreux facteurs comme la rentabilit\u00e9, la possibilit\u00e9 de faire l\u2019objet d&rsquo;une autorisation, les prescriptions environnementales et l\u2019acceptation par la soci\u00e9t\u00e9. La loi pour l\u2019\u00e9lectricit\u00e9 entr\u00e9e en vigueur en 2025 facilite l\u2019octroi des autorisations pour les installations et leur financement. D\u2019autres projets de loi visant \u00e0 acc\u00e9l\u00e9rer les proc\u00e9dures de planification, d\u2019autorisation et de recours sont en cours d\u2019\u00e9laboration. L\u2019EnDK soutient cette orientation et demande un examen et une am\u00e9lioration continus des conditions-cadres pour le d\u00e9veloppement de la production d\u2019\u00e9nergie renouvelable et des r\u00e9seaux n\u00e9cessaires.<\/p>\n\n\n\n<p><strong>L\u2019\u00e9nergie hydraulique demeure le pilier de l\u2019approvisionnement en \u00e9lectricit\u00e9<\/strong><\/p>\n\n\n\n<p>Avec une part de pr\u00e8s de 60%, l\u2019\u00e9nergie hydraulique est le pilier le plus important de la production d\u2019\u00e9lectricit\u00e9 en Suisse. Gr\u00e2ce \u00e0 leur grande flexibilit\u00e9, les centrales hydrauliques \u00e0 accumulation sont essentielles pour la s\u00e9curit\u00e9 de l\u2019approvisionnement. Afin de renforcer encore davantage l\u2019approvisionnement en hiver, les projets de centrales hydraulique \u00e0 accumulation pr\u00e9vus dans la loi pour l\u2019\u00e9lectricit\u00e9 doivent \u00eatre mis en \u0153uvre. Outre le d\u00e9veloppement de la production indig\u00e8ne d\u2019\u00e9lectricit\u00e9 \u00e0 partir d\u2019\u00e9nergies renouvelables, il faut \u00e9galement garantir la poursuite de l\u2019exploitation des installations existantes compte tenu des nouvelles concessions \u00e0 venir. Il faut \u00e9viter la disparition de centrales hydro\u00e9lectriques existantes ou de pertes de production importantes dues \u00e0 des prescriptions environnementales renforc\u00e9es.<\/p>\n\n\n\n<div style=\"height:59px\" aria-hidden=\"true\" class=\"wp-block-spacer\"><\/div>\n\n\n\n<h3 class=\"wp-block-heading has-blau-color has-text-color has-link-color wp-elements-39d5effd9fa44f5beab58d33c14d1a96\">Documents<\/h3>\n\n\n\n<p>30.09.2024: <a href=\"http:\/\/endk.ch\/wp-content\/uploads\/2025\/08\/20240930_Offensive_Reseau_Pdp_EnDK_DTAP.pdf\">Prise de position concernant l\u2019acc\u00e9l\u00e9ration des proc\u00e9dures pour les r\u00e9seaux \u00e9lectriques (LIE)<\/a><\/p>\n\n\n\n<p>02.05.2022: <a href=\"http:\/\/endk.ch\/wp-content\/uploads\/2025\/08\/20220502_Stn_Verfahrensbeschleunigung_F.pdf\">Prise de position concernant le projet d\u2019acc\u00e9l\u00e9ration des proc\u00e9dures pour les \u00e9nergies renouvelables (LEne)<\/a><\/p>\n\n\n\n<p>13.12.2021: <a href=\"http:\/\/endk.ch\/wp-content\/uploads\/2025\/07\/Erklaerung-Runder-Tisch-Wasserkraft-FR.pdf\">D\u00e9claration commune de la table ronde sur l\u2019\u00e9nergie hydraulique<\/a><\/p>\n\n\n\n<div style=\"height:5px\" aria-hidden=\"true\" class=\"wp-block-spacer\"><\/div>\n\n\n\n<div class=\"wp-block-buttons is-layout-flex wp-block-buttons-is-layout-flex\">\n<div class=\"wp-block-button\"><a class=\"wp-block-button__link wp-element-button\" href=\"https:\/\/endk.ch\/fr\/publications\/\">Voir tous les publicitations<\/a><\/div>\n<\/div>\n\n\n\n<div style=\"height:60px\" aria-hidden=\"true\" class=\"wp-block-spacer\"><\/div>\n\n\n\n<p><\/p>\n","protected":false},"excerpt":{"rendered":"<p>Production indig\u00e8ne d\u2019\u00e9lectricit\u00e9 renouvelable L\u2019EnDK s\u2019engage en faveur d\u2019un d\u00e9veloppement rapide et soutenu de la production indig\u00e8ne d\u2019\u00e9lectricit\u00e9 renouvelable et de la mise en place de conditions-cadres appropri\u00e9es. L\u2019exploitation des installations existantes doit \u00e9galement \u00eatre maintenue. Le d\u00e9veloppement des \u00e9nergies renouvelables est une priorit\u00e9 absolue Un d\u00e9veloppement soutenu de la production est n\u00e9cessaire Pour atteindre [&hellip;]<\/p>\n","protected":false},"author":2,"featured_media":0,"parent":0,"menu_order":0,"comment_status":"closed","ping_status":"closed","template":"","meta":{"_acf_changed":false,"footnotes":""},"class_list":["post-2011","page","type-page","status-publish","hentry"],"acf":[],"yoast_head":"<!-- This site is optimized with the Yoast SEO plugin v27.2 - https:\/\/yoast.com\/product\/yoast-seo-wordpress\/ -->\n<title>Production indig\u00e8ne d\u2019\u00e9lectricit\u00e9 renouvelable - ENDK<\/title>\n<meta name=\"robots\" content=\"index, follow, max-snippet:-1, max-image-preview:large, max-video-preview:-1\" \/>\n<link rel=\"canonical\" href=\"https:\/\/endk.ch\/fr\/production-indigene-delectricite-renouvelable\/\" \/>\n<meta property=\"og:locale\" content=\"fr_FR\" \/>\n<meta property=\"og:type\" content=\"article\" \/>\n<meta property=\"og:title\" content=\"Production indig\u00e8ne d\u2019\u00e9lectricit\u00e9 renouvelable - ENDK\" \/>\n<meta property=\"og:description\" content=\"Production indig\u00e8ne d\u2019\u00e9lectricit\u00e9 renouvelable L\u2019EnDK s\u2019engage en faveur d\u2019un d\u00e9veloppement rapide et soutenu de la production indig\u00e8ne d\u2019\u00e9lectricit\u00e9 renouvelable et de la mise en place de conditions-cadres appropri\u00e9es. L\u2019exploitation des installations existantes doit \u00e9galement \u00eatre maintenue. Le d\u00e9veloppement des \u00e9nergies renouvelables est une priorit\u00e9 absolue Un d\u00e9veloppement soutenu de la production est n\u00e9cessaire Pour atteindre [&hellip;]\" \/>\n<meta property=\"og:url\" content=\"https:\/\/endk.ch\/fr\/production-indigene-delectricite-renouvelable\/\" \/>\n<meta property=\"og:site_name\" content=\"ENDK\" \/>\n<meta property=\"article:modified_time\" content=\"2025-08-28T06:42:44+00:00\" \/>\n<meta property=\"og:image\" content=\"https:\/\/endk.ch\/wp-content\/uploads\/2025\/07\/Staumauer_Mauvoisin_2023_12.jpg\" \/>\n\t<meta property=\"og:image:width\" content=\"1200\" \/>\n\t<meta property=\"og:image:height\" content=\"850\" \/>\n\t<meta property=\"og:image:type\" content=\"image\/jpeg\" \/>\n<meta name=\"twitter:card\" content=\"summary_large_image\" \/>\n<meta name=\"twitter:label1\" content=\"Dur\u00e9e de lecture estim\u00e9e\" \/>\n\t<meta name=\"twitter:data1\" content=\"4 minutes\" \/>\n<script type=\"application\/ld+json\" class=\"yoast-schema-graph\">{\"@context\":\"https:\/\/schema.org\",\"@graph\":[{\"@type\":\"WebPage\",\"@id\":\"https:\/\/endk.ch\/fr\/production-indigene-delectricite-renouvelable\/\",\"url\":\"https:\/\/endk.ch\/fr\/production-indigene-delectricite-renouvelable\/\",\"name\":\"Production indig\u00e8ne d\u2019\u00e9lectricit\u00e9 renouvelable - ENDK\",\"isPartOf\":{\"@id\":\"https:\/\/endk.ch\/fr\/#website\"},\"primaryImageOfPage\":{\"@id\":\"https:\/\/endk.ch\/fr\/production-indigene-delectricite-renouvelable\/#primaryimage\"},\"image\":{\"@id\":\"https:\/\/endk.ch\/fr\/production-indigene-delectricite-renouvelable\/#primaryimage\"},\"thumbnailUrl\":\"http:\/\/endk.ch\/wp-content\/uploads\/2025\/07\/Staumauer_Mauvoisin_2023_12.jpg\",\"datePublished\":\"2025-07-18T10:58:56+00:00\",\"dateModified\":\"2025-08-28T06:42:44+00:00\",\"breadcrumb\":{\"@id\":\"https:\/\/endk.ch\/fr\/production-indigene-delectricite-renouvelable\/#breadcrumb\"},\"inLanguage\":\"fr-FR\",\"potentialAction\":[{\"@type\":\"ReadAction\",\"target\":[\"https:\/\/endk.ch\/fr\/production-indigene-delectricite-renouvelable\/\"]}]},{\"@type\":\"ImageObject\",\"inLanguage\":\"fr-FR\",\"@id\":\"https:\/\/endk.ch\/fr\/production-indigene-delectricite-renouvelable\/#primaryimage\",\"url\":\"http:\/\/endk.ch\/wp-content\/uploads\/2025\/07\/Staumauer_Mauvoisin_2023_12.jpg\",\"contentUrl\":\"http:\/\/endk.ch\/wp-content\/uploads\/2025\/07\/Staumauer_Mauvoisin_2023_12.jpg\"},{\"@type\":\"BreadcrumbList\",\"@id\":\"https:\/\/endk.ch\/fr\/production-indigene-delectricite-renouvelable\/#breadcrumb\",\"itemListElement\":[{\"@type\":\"ListItem\",\"position\":1,\"name\":\"Startseite\",\"item\":\"https:\/\/endk.ch\/fr\/\"},{\"@type\":\"ListItem\",\"position\":2,\"name\":\"Production indig\u00e8ne d\u2019\u00e9lectricit\u00e9 renouvelable\"}]},{\"@type\":\"WebSite\",\"@id\":\"https:\/\/endk.ch\/fr\/#website\",\"url\":\"https:\/\/endk.ch\/fr\/\",\"name\":\"ENDK\",\"description\":\"\",\"publisher\":{\"@id\":\"https:\/\/endk.ch\/fr\/#organization\"},\"potentialAction\":[{\"@type\":\"SearchAction\",\"target\":{\"@type\":\"EntryPoint\",\"urlTemplate\":\"https:\/\/endk.ch\/fr\/?s={search_term_string}\"},\"query-input\":{\"@type\":\"PropertyValueSpecification\",\"valueRequired\":true,\"valueName\":\"search_term_string\"}}],\"inLanguage\":\"fr-FR\"},{\"@type\":\"Organization\",\"@id\":\"https:\/\/endk.ch\/fr\/#organization\",\"name\":\"ENDK\",\"url\":\"https:\/\/endk.ch\/fr\/\",\"logo\":{\"@type\":\"ImageObject\",\"inLanguage\":\"fr-FR\",\"@id\":\"https:\/\/endk.ch\/fr\/#\/schema\/logo\/image\/\",\"url\":null,\"contentUrl\":null,\"width\":null,\"height\":null,\"caption\":\"ENDK\"},\"image\":{\"@id\":\"https:\/\/endk.ch\/fr\/#\/schema\/logo\/image\/\"}}]}<\/script>\n<!-- \/ Yoast SEO plugin. -->","yoast_head_json":{"title":"Production indig\u00e8ne d\u2019\u00e9lectricit\u00e9 renouvelable - ENDK","robots":{"index":"index","follow":"follow","max-snippet":"max-snippet:-1","max-image-preview":"max-image-preview:large","max-video-preview":"max-video-preview:-1"},"canonical":"https:\/\/endk.ch\/fr\/production-indigene-delectricite-renouvelable\/","og_locale":"fr_FR","og_type":"article","og_title":"Production indig\u00e8ne d\u2019\u00e9lectricit\u00e9 renouvelable - ENDK","og_description":"Production indig\u00e8ne d\u2019\u00e9lectricit\u00e9 renouvelable L\u2019EnDK s\u2019engage en faveur d\u2019un d\u00e9veloppement rapide et soutenu de la production indig\u00e8ne d\u2019\u00e9lectricit\u00e9 renouvelable et de la mise en place de conditions-cadres appropri\u00e9es. L\u2019exploitation des installations existantes doit \u00e9galement \u00eatre maintenue. Le d\u00e9veloppement des \u00e9nergies renouvelables est une priorit\u00e9 absolue Un d\u00e9veloppement soutenu de la production est n\u00e9cessaire Pour atteindre [&hellip;]","og_url":"https:\/\/endk.ch\/fr\/production-indigene-delectricite-renouvelable\/","og_site_name":"ENDK","article_modified_time":"2025-08-28T06:42:44+00:00","og_image":[{"width":1200,"height":850,"url":"https:\/\/endk.ch\/wp-content\/uploads\/2025\/07\/Staumauer_Mauvoisin_2023_12.jpg","type":"image\/jpeg"}],"twitter_card":"summary_large_image","twitter_misc":{"Dur\u00e9e de lecture estim\u00e9e":"4 minutes"},"schema":{"@context":"https:\/\/schema.org","@graph":[{"@type":"WebPage","@id":"https:\/\/endk.ch\/fr\/production-indigene-delectricite-renouvelable\/","url":"https:\/\/endk.ch\/fr\/production-indigene-delectricite-renouvelable\/","name":"Production indig\u00e8ne d\u2019\u00e9lectricit\u00e9 renouvelable - ENDK","isPartOf":{"@id":"https:\/\/endk.ch\/fr\/#website"},"primaryImageOfPage":{"@id":"https:\/\/endk.ch\/fr\/production-indigene-delectricite-renouvelable\/#primaryimage"},"image":{"@id":"https:\/\/endk.ch\/fr\/production-indigene-delectricite-renouvelable\/#primaryimage"},"thumbnailUrl":"http:\/\/endk.ch\/wp-content\/uploads\/2025\/07\/Staumauer_Mauvoisin_2023_12.jpg","datePublished":"2025-07-18T10:58:56+00:00","dateModified":"2025-08-28T06:42:44+00:00","breadcrumb":{"@id":"https:\/\/endk.ch\/fr\/production-indigene-delectricite-renouvelable\/#breadcrumb"},"inLanguage":"fr-FR","potentialAction":[{"@type":"ReadAction","target":["https:\/\/endk.ch\/fr\/production-indigene-delectricite-renouvelable\/"]}]},{"@type":"ImageObject","inLanguage":"fr-FR","@id":"https:\/\/endk.ch\/fr\/production-indigene-delectricite-renouvelable\/#primaryimage","url":"http:\/\/endk.ch\/wp-content\/uploads\/2025\/07\/Staumauer_Mauvoisin_2023_12.jpg","contentUrl":"http:\/\/endk.ch\/wp-content\/uploads\/2025\/07\/Staumauer_Mauvoisin_2023_12.jpg"},{"@type":"BreadcrumbList","@id":"https:\/\/endk.ch\/fr\/production-indigene-delectricite-renouvelable\/#breadcrumb","itemListElement":[{"@type":"ListItem","position":1,"name":"Startseite","item":"https:\/\/endk.ch\/fr\/"},{"@type":"ListItem","position":2,"name":"Production indig\u00e8ne d\u2019\u00e9lectricit\u00e9 renouvelable"}]},{"@type":"WebSite","@id":"https:\/\/endk.ch\/fr\/#website","url":"https:\/\/endk.ch\/fr\/","name":"ENDK","description":"","publisher":{"@id":"https:\/\/endk.ch\/fr\/#organization"},"potentialAction":[{"@type":"SearchAction","target":{"@type":"EntryPoint","urlTemplate":"https:\/\/endk.ch\/fr\/?s={search_term_string}"},"query-input":{"@type":"PropertyValueSpecification","valueRequired":true,"valueName":"search_term_string"}}],"inLanguage":"fr-FR"},{"@type":"Organization","@id":"https:\/\/endk.ch\/fr\/#organization","name":"ENDK","url":"https:\/\/endk.ch\/fr\/","logo":{"@type":"ImageObject","inLanguage":"fr-FR","@id":"https:\/\/endk.ch\/fr\/#\/schema\/logo\/image\/","url":null,"contentUrl":null,"width":null,"height":null,"caption":"ENDK"},"image":{"@id":"https:\/\/endk.ch\/fr\/#\/schema\/logo\/image\/"}}]}},"_links":{"self":[{"href":"https:\/\/endk.ch\/fr\/wp-json\/wp\/v2\/pages\/2011","targetHints":{"allow":["GET"]}}],"collection":[{"href":"https:\/\/endk.ch\/fr\/wp-json\/wp\/v2\/pages"}],"about":[{"href":"https:\/\/endk.ch\/fr\/wp-json\/wp\/v2\/types\/page"}],"author":[{"embeddable":true,"href":"https:\/\/endk.ch\/fr\/wp-json\/wp\/v2\/users\/2"}],"replies":[{"embeddable":true,"href":"https:\/\/endk.ch\/fr\/wp-json\/wp\/v2\/comments?post=2011"}],"version-history":[{"count":9,"href":"https:\/\/endk.ch\/fr\/wp-json\/wp\/v2\/pages\/2011\/revisions"}],"predecessor-version":[{"id":3259,"href":"https:\/\/endk.ch\/fr\/wp-json\/wp\/v2\/pages\/2011\/revisions\/3259"}],"wp:attachment":[{"href":"https:\/\/endk.ch\/fr\/wp-json\/wp\/v2\/media?parent=2011"}],"curies":[{"name":"wp","href":"https:\/\/api.w.org\/{rel}","templated":true}]}}