{"id":2023,"date":"2025-07-18T11:13:50","date_gmt":"2025-07-18T11:13:50","guid":{"rendered":"https:\/\/dev.endk.bertaeins.ch\/wasserstoff-microsite\/"},"modified":"2025-08-28T06:25:09","modified_gmt":"2025-08-28T06:25:09","slug":"hydrogene","status":"publish","type":"page","link":"https:\/\/endk.ch\/fr\/hydrogene\/","title":{"rendered":"Hydrog\u00e8ne"},"content":{"rendered":"\n<div class=\"wp-block-group\" style=\"padding-top:6rem;padding-bottom:6rem\"><div class=\"wp-block-group__inner-container is-layout-constrained wp-block-group-is-layout-constrained\">\n<h2 class=\"wp-block-heading has-large-font-size\">Hydrog\u00e8ne<\/h2>\n\n\n\n<p>L\u2019EnDK s\u2019engage pour le d\u00e9veloppement de l\u2019hydrog\u00e8ne vert. Cette nouvelle source d\u2019\u00e9nergie peut contribuer \u00e0 la d\u00e9carbonation lorsque l\u2019\u00e9lectrification est difficile \u00e0 mettre en \u0153uvre. Pour y parvenir, il est n\u00e9cessaire de raccorder la Suisse aux infrastructures europ\u00e9ennes pour l\u2019hydrog\u00e8ne.<\/p>\n<\/div><\/div>\n\n\n\n<div style=\"height:50px\" aria-hidden=\"true\" class=\"wp-block-spacer\"><\/div>\n\n\n\n<h3 class=\"wp-block-heading has-blau-color has-text-color has-link-color wp-elements-c623a4c5e42d533a4c611cec58207a54\">Un atout suppl\u00e9mentaire pour la s\u00e9curit\u00e9 de l\u2019approvisionnement \u00e9nerg\u00e9tique<\/h3>\n\n\n\n<div style=\"height:50px\" aria-hidden=\"true\" class=\"wp-block-spacer\"><\/div>\n\n\n\n<div class=\"wp-block-columns is-layout-flex wp-container-core-columns-is-layout-9d6595d7 wp-block-columns-is-layout-flex\">\n<div class=\"wp-block-column is-layout-flow wp-block-column-is-layout-flow\" style=\"flex-basis:60%\">\n<p><strong>Tous les secteurs ne peuvent pas \u00eatre d\u00e9carbon\u00e9s \u00e0 l\u2019aide de l\u2019\u00e9lectricit\u00e9<\/strong><\/p>\n\n\n\n<p>L\u2019EnDK vise un approvisionnement \u00e9nerg\u00e9tique durable et s\u00fbr. L\u2019hydrog\u00e8ne vert peut y contribuer de mani\u00e8re significative. En effet, toutes les applications \u00e9nerg\u00e9tiques ne se pr\u00eatent pas \u00e0 l\u2019\u00e9lectrification. L\u2019hydrog\u00e8ne peut contribuer \u00e0 r\u00e9duire les \u00e9missions de gaz \u00e0 effet de serre dans des domaines difficiles \u00e0 \u00e9lectrifier tels que la mobilit\u00e9 (trafic poids lourd, navigation maritime et a\u00e9rienne), l\u2019industrie (processus \u00e0 haute temp\u00e9rature) et l\u2019approvisionnement en chaleur (couverture des pics de charge dans les r\u00e9seaux thermiques).<\/p>\n<\/div>\n\n\n\n<div class=\"wp-block-column is-layout-flow wp-block-column-is-layout-flow\" style=\"flex-basis:40%\">\n<figure class=\"wp-block-image size-full is-resized\"><img loading=\"lazy\" decoding=\"async\" width=\"1200\" height=\"850\" src=\"http:\/\/endk.ch\/wp-content\/uploads\/2025\/07\/wasserkraft-pumpspeicherkaftwerk-winter-grimsel-mrichel-jaussi-bkw-2023.jpg\" alt=\"\" class=\"wp-image-1576\" style=\"object-fit:cover;width:391px;height:337px\" srcset=\"https:\/\/endk.ch\/wp-content\/uploads\/2025\/07\/wasserkraft-pumpspeicherkaftwerk-winter-grimsel-mrichel-jaussi-bkw-2023.jpg 1200w, https:\/\/endk.ch\/wp-content\/uploads\/2025\/07\/wasserkraft-pumpspeicherkaftwerk-winter-grimsel-mrichel-jaussi-bkw-2023-300x213.jpg 300w, https:\/\/endk.ch\/wp-content\/uploads\/2025\/07\/wasserkraft-pumpspeicherkaftwerk-winter-grimsel-mrichel-jaussi-bkw-2023-1024x725.jpg 1024w, https:\/\/endk.ch\/wp-content\/uploads\/2025\/07\/wasserkraft-pumpspeicherkaftwerk-winter-grimsel-mrichel-jaussi-bkw-2023-768x544.jpg 768w\" sizes=\"auto, (max-width: 1200px) 100vw, 1200px\" \/><figcaption class=\"wp-element-caption\">\u00a9 Michel Jaussi, Quelle: BKW AG<\/figcaption><\/figure>\n<\/div>\n<\/div>\n\n\n\n<div style=\"height:50px\" aria-hidden=\"true\" class=\"wp-block-spacer\"><\/div>\n\n\n\n<p><strong>Option pour le stockage saisonnier d\u2019\u00e9nergie<\/strong><\/p>\n\n\n\n<p>L\u2019hydrog\u00e8ne permet \u00e9galement de stocker de l\u2019\u00e9nergie. En \u00e9t\u00e9, l\u2019\u00e9lectricit\u00e9 renouvelable exc\u00e9dentaire peut \u00eatre transform\u00e9e en hydrog\u00e8ne (\u00abpower-to-gas\u00bb) et stock\u00e9e, puis r\u00e9utilis\u00e9e en hiver pour produire de la chaleur ou \u00eatre reconvertie en \u00e9lectricit\u00e9. Ce proc\u00e9d\u00e9 peut jouer un r\u00f4le important dans la s\u00e9curit\u00e9 de l\u2019approvisionnement, car jusqu\u2019\u00e0 pr\u00e9sent, le stockage saisonnier de l\u2019\u00e9lectricit\u00e9 n\u2019\u00e9tait possible qu\u2019\u00e0 l\u2019aide de lacs de retenue. Or, leur potentiel de d\u00e9veloppement est limit\u00e9.<\/p>\n\n\n\n<p><strong>Assurer le raccordement<\/strong><\/p>\n\n\n\n<p>La Suisse, mais aussi l\u2019Europe, travaillent \u00e0 la mise en place d\u2019une infrastructure et d\u2019un march\u00e9 pour l\u2019hydrog\u00e8ne. Comme la Suisse ne pourra vraisemblablement pas couvrir seule ses besoins en hydrog\u00e8ne, elle doit avoir acc\u00e8s au march\u00e9 europ\u00e9en. Le raccordement de la Suisse au r\u00e9seau europ\u00e9en de l\u2019hydrog\u00e8ne doit \u00eatre assur\u00e9, comme pour l\u2019\u00e9lectricit\u00e9. Avec le gazoduc de transit existant, la Suisse dispose d\u2019une bonne situation de d\u00e9part.<\/p>\n\n\n\n<p><strong>Poser les bases<\/strong><\/p>\n\n\n\n<p>Il manque encore des bases solides pour mettre en place une \u00e9conomie de l\u2019hydrog\u00e8ne. Celles-ci doivent d\u00e9sormais \u00eatre consolid\u00e9es afin que les investissements importants dans les infrastructures soient r\u00e9alis\u00e9s de mani\u00e8re judicieuse. Il faut, par exemple, am\u00e9liorer les estimations des besoins et d\u00e9finir des normes et des standards, notamment en mati\u00e8re de s\u00e9curit\u00e9. En ce qui concerne les investissements dans le raccordement au r\u00e9seau europ\u00e9en d\u2019hydrog\u00e8ne, la Conf\u00e9d\u00e9ration doit examiner des m\u00e9canismes de couverture financi\u00e8re. En garantissant l\u2019am\u00e9nagement du territoire n\u00e9cessaire \u00e0 la mise en place de conduites et en soutenant de mani\u00e8re cibl\u00e9e des projets pilotes, les cantons peuvent contribuer \u00e0 poser des bases importantes pour la concr\u00e9tisation des projets.<\/p>\n\n\n\n<div style=\"height:56px\" aria-hidden=\"true\" class=\"wp-block-spacer\"><\/div>\n\n\n\n<h3 class=\"wp-block-heading has-blau-color has-text-color has-link-color wp-elements-39d5effd9fa44f5beab58d33c14d1a96\">Documents<\/h3>\n\n\n\n<p>29.08.2023: <a href=\"http:\/\/endk.ch\/wp-content\/uploads\/2025\/07\/Thesen_Wasserstoff_FR.pdf\" target=\"_blank\" rel=\"noreferrer noopener\">Th\u00e8ses de l\u2019EnDK autour de l\u2019hydrog\u00e8ne<\/a><\/p>\n\n\n\n<div style=\"height:5px\" aria-hidden=\"true\" class=\"wp-block-spacer\"><\/div>\n\n\n\n<div class=\"wp-block-buttons is-layout-flex wp-block-buttons-is-layout-flex\">\n<div class=\"wp-block-button\"><a class=\"wp-block-button__link wp-element-button\" href=\"https:\/\/endk.ch\/fr\/publications\/\">Voir toutes les publicitations<\/a><\/div>\n<\/div>\n\n\n\n<div style=\"height:60px\" aria-hidden=\"true\" class=\"wp-block-spacer\"><\/div>\n\n\n\n<p><\/p>\n","protected":false},"excerpt":{"rendered":"<p>Hydrog\u00e8ne L\u2019EnDK s\u2019engage pour le d\u00e9veloppement de l\u2019hydrog\u00e8ne vert. Cette nouvelle source d\u2019\u00e9nergie peut contribuer \u00e0 la d\u00e9carbonation lorsque l\u2019\u00e9lectrification est difficile \u00e0 mettre en \u0153uvre. Pour y parvenir, il est n\u00e9cessaire de raccorder la Suisse aux infrastructures europ\u00e9ennes pour l\u2019hydrog\u00e8ne. Un atout suppl\u00e9mentaire pour la s\u00e9curit\u00e9 de l\u2019approvisionnement \u00e9nerg\u00e9tique Tous les secteurs ne peuvent [&hellip;]<\/p>\n","protected":false},"author":2,"featured_media":0,"parent":0,"menu_order":0,"comment_status":"closed","ping_status":"closed","template":"","meta":{"_acf_changed":false,"footnotes":""},"class_list":["post-2023","page","type-page","status-publish","hentry"],"acf":[],"yoast_head":"<!-- This site is optimized with the Yoast SEO plugin v27.2 - https:\/\/yoast.com\/product\/yoast-seo-wordpress\/ -->\n<title>Hydrog\u00e8ne - ENDK<\/title>\n<meta name=\"robots\" content=\"index, follow, max-snippet:-1, max-image-preview:large, max-video-preview:-1\" \/>\n<link rel=\"canonical\" href=\"https:\/\/endk.ch\/fr\/hydrogene\/\" \/>\n<meta property=\"og:locale\" content=\"fr_FR\" \/>\n<meta property=\"og:type\" content=\"article\" \/>\n<meta property=\"og:title\" content=\"Hydrog\u00e8ne - ENDK\" \/>\n<meta property=\"og:description\" content=\"Hydrog\u00e8ne L\u2019EnDK s\u2019engage pour le d\u00e9veloppement de l\u2019hydrog\u00e8ne vert. Cette nouvelle source d\u2019\u00e9nergie peut contribuer \u00e0 la d\u00e9carbonation lorsque l\u2019\u00e9lectrification est difficile \u00e0 mettre en \u0153uvre. Pour y parvenir, il est n\u00e9cessaire de raccorder la Suisse aux infrastructures europ\u00e9ennes pour l\u2019hydrog\u00e8ne. Un atout suppl\u00e9mentaire pour la s\u00e9curit\u00e9 de l\u2019approvisionnement \u00e9nerg\u00e9tique Tous les secteurs ne peuvent [&hellip;]\" \/>\n<meta property=\"og:url\" content=\"https:\/\/endk.ch\/fr\/hydrogene\/\" \/>\n<meta property=\"og:site_name\" content=\"ENDK\" \/>\n<meta property=\"article:modified_time\" content=\"2025-08-28T06:25:09+00:00\" \/>\n<meta property=\"og:image\" content=\"https:\/\/endk.ch\/wp-content\/uploads\/2025\/07\/wasserkraft-pumpspeicherkaftwerk-winter-grimsel-mrichel-jaussi-bkw-2023.jpg\" \/>\n\t<meta property=\"og:image:width\" content=\"1200\" \/>\n\t<meta property=\"og:image:height\" content=\"850\" \/>\n\t<meta property=\"og:image:type\" content=\"image\/jpeg\" \/>\n<meta name=\"twitter:card\" content=\"summary_large_image\" \/>\n<meta name=\"twitter:label1\" content=\"Dur\u00e9e de lecture estim\u00e9e\" \/>\n\t<meta name=\"twitter:data1\" content=\"3 minutes\" \/>\n<script type=\"application\/ld+json\" class=\"yoast-schema-graph\">{\"@context\":\"https:\/\/schema.org\",\"@graph\":[{\"@type\":\"WebPage\",\"@id\":\"https:\/\/endk.ch\/fr\/hydrogene\/\",\"url\":\"https:\/\/endk.ch\/fr\/hydrogene\/\",\"name\":\"Hydrog\u00e8ne - ENDK\",\"isPartOf\":{\"@id\":\"https:\/\/endk.ch\/fr\/#website\"},\"primaryImageOfPage\":{\"@id\":\"https:\/\/endk.ch\/fr\/hydrogene\/#primaryimage\"},\"image\":{\"@id\":\"https:\/\/endk.ch\/fr\/hydrogene\/#primaryimage\"},\"thumbnailUrl\":\"http:\/\/endk.ch\/wp-content\/uploads\/2025\/07\/wasserkraft-pumpspeicherkaftwerk-winter-grimsel-mrichel-jaussi-bkw-2023.jpg\",\"datePublished\":\"2025-07-18T11:13:50+00:00\",\"dateModified\":\"2025-08-28T06:25:09+00:00\",\"breadcrumb\":{\"@id\":\"https:\/\/endk.ch\/fr\/hydrogene\/#breadcrumb\"},\"inLanguage\":\"fr-FR\",\"potentialAction\":[{\"@type\":\"ReadAction\",\"target\":[\"https:\/\/endk.ch\/fr\/hydrogene\/\"]}]},{\"@type\":\"ImageObject\",\"inLanguage\":\"fr-FR\",\"@id\":\"https:\/\/endk.ch\/fr\/hydrogene\/#primaryimage\",\"url\":\"http:\/\/endk.ch\/wp-content\/uploads\/2025\/07\/wasserkraft-pumpspeicherkaftwerk-winter-grimsel-mrichel-jaussi-bkw-2023.jpg\",\"contentUrl\":\"http:\/\/endk.ch\/wp-content\/uploads\/2025\/07\/wasserkraft-pumpspeicherkaftwerk-winter-grimsel-mrichel-jaussi-bkw-2023.jpg\"},{\"@type\":\"BreadcrumbList\",\"@id\":\"https:\/\/endk.ch\/fr\/hydrogene\/#breadcrumb\",\"itemListElement\":[{\"@type\":\"ListItem\",\"position\":1,\"name\":\"Startseite\",\"item\":\"https:\/\/endk.ch\/fr\/\"},{\"@type\":\"ListItem\",\"position\":2,\"name\":\"Hydrog\u00e8ne\"}]},{\"@type\":\"WebSite\",\"@id\":\"https:\/\/endk.ch\/fr\/#website\",\"url\":\"https:\/\/endk.ch\/fr\/\",\"name\":\"ENDK\",\"description\":\"\",\"publisher\":{\"@id\":\"https:\/\/endk.ch\/fr\/#organization\"},\"potentialAction\":[{\"@type\":\"SearchAction\",\"target\":{\"@type\":\"EntryPoint\",\"urlTemplate\":\"https:\/\/endk.ch\/fr\/?s={search_term_string}\"},\"query-input\":{\"@type\":\"PropertyValueSpecification\",\"valueRequired\":true,\"valueName\":\"search_term_string\"}}],\"inLanguage\":\"fr-FR\"},{\"@type\":\"Organization\",\"@id\":\"https:\/\/endk.ch\/fr\/#organization\",\"name\":\"ENDK\",\"url\":\"https:\/\/endk.ch\/fr\/\",\"logo\":{\"@type\":\"ImageObject\",\"inLanguage\":\"fr-FR\",\"@id\":\"https:\/\/endk.ch\/fr\/#\/schema\/logo\/image\/\",\"url\":null,\"contentUrl\":null,\"width\":null,\"height\":null,\"caption\":\"ENDK\"},\"image\":{\"@id\":\"https:\/\/endk.ch\/fr\/#\/schema\/logo\/image\/\"}}]}<\/script>\n<!-- \/ Yoast SEO plugin. -->","yoast_head_json":{"title":"Hydrog\u00e8ne - ENDK","robots":{"index":"index","follow":"follow","max-snippet":"max-snippet:-1","max-image-preview":"max-image-preview:large","max-video-preview":"max-video-preview:-1"},"canonical":"https:\/\/endk.ch\/fr\/hydrogene\/","og_locale":"fr_FR","og_type":"article","og_title":"Hydrog\u00e8ne - ENDK","og_description":"Hydrog\u00e8ne L\u2019EnDK s\u2019engage pour le d\u00e9veloppement de l\u2019hydrog\u00e8ne vert. Cette nouvelle source d\u2019\u00e9nergie peut contribuer \u00e0 la d\u00e9carbonation lorsque l\u2019\u00e9lectrification est difficile \u00e0 mettre en \u0153uvre. Pour y parvenir, il est n\u00e9cessaire de raccorder la Suisse aux infrastructures europ\u00e9ennes pour l\u2019hydrog\u00e8ne. Un atout suppl\u00e9mentaire pour la s\u00e9curit\u00e9 de l\u2019approvisionnement \u00e9nerg\u00e9tique Tous les secteurs ne peuvent [&hellip;]","og_url":"https:\/\/endk.ch\/fr\/hydrogene\/","og_site_name":"ENDK","article_modified_time":"2025-08-28T06:25:09+00:00","og_image":[{"width":1200,"height":850,"url":"https:\/\/endk.ch\/wp-content\/uploads\/2025\/07\/wasserkraft-pumpspeicherkaftwerk-winter-grimsel-mrichel-jaussi-bkw-2023.jpg","type":"image\/jpeg"}],"twitter_card":"summary_large_image","twitter_misc":{"Dur\u00e9e de lecture estim\u00e9e":"3 minutes"},"schema":{"@context":"https:\/\/schema.org","@graph":[{"@type":"WebPage","@id":"https:\/\/endk.ch\/fr\/hydrogene\/","url":"https:\/\/endk.ch\/fr\/hydrogene\/","name":"Hydrog\u00e8ne - ENDK","isPartOf":{"@id":"https:\/\/endk.ch\/fr\/#website"},"primaryImageOfPage":{"@id":"https:\/\/endk.ch\/fr\/hydrogene\/#primaryimage"},"image":{"@id":"https:\/\/endk.ch\/fr\/hydrogene\/#primaryimage"},"thumbnailUrl":"http:\/\/endk.ch\/wp-content\/uploads\/2025\/07\/wasserkraft-pumpspeicherkaftwerk-winter-grimsel-mrichel-jaussi-bkw-2023.jpg","datePublished":"2025-07-18T11:13:50+00:00","dateModified":"2025-08-28T06:25:09+00:00","breadcrumb":{"@id":"https:\/\/endk.ch\/fr\/hydrogene\/#breadcrumb"},"inLanguage":"fr-FR","potentialAction":[{"@type":"ReadAction","target":["https:\/\/endk.ch\/fr\/hydrogene\/"]}]},{"@type":"ImageObject","inLanguage":"fr-FR","@id":"https:\/\/endk.ch\/fr\/hydrogene\/#primaryimage","url":"http:\/\/endk.ch\/wp-content\/uploads\/2025\/07\/wasserkraft-pumpspeicherkaftwerk-winter-grimsel-mrichel-jaussi-bkw-2023.jpg","contentUrl":"http:\/\/endk.ch\/wp-content\/uploads\/2025\/07\/wasserkraft-pumpspeicherkaftwerk-winter-grimsel-mrichel-jaussi-bkw-2023.jpg"},{"@type":"BreadcrumbList","@id":"https:\/\/endk.ch\/fr\/hydrogene\/#breadcrumb","itemListElement":[{"@type":"ListItem","position":1,"name":"Startseite","item":"https:\/\/endk.ch\/fr\/"},{"@type":"ListItem","position":2,"name":"Hydrog\u00e8ne"}]},{"@type":"WebSite","@id":"https:\/\/endk.ch\/fr\/#website","url":"https:\/\/endk.ch\/fr\/","name":"ENDK","description":"","publisher":{"@id":"https:\/\/endk.ch\/fr\/#organization"},"potentialAction":[{"@type":"SearchAction","target":{"@type":"EntryPoint","urlTemplate":"https:\/\/endk.ch\/fr\/?s={search_term_string}"},"query-input":{"@type":"PropertyValueSpecification","valueRequired":true,"valueName":"search_term_string"}}],"inLanguage":"fr-FR"},{"@type":"Organization","@id":"https:\/\/endk.ch\/fr\/#organization","name":"ENDK","url":"https:\/\/endk.ch\/fr\/","logo":{"@type":"ImageObject","inLanguage":"fr-FR","@id":"https:\/\/endk.ch\/fr\/#\/schema\/logo\/image\/","url":null,"contentUrl":null,"width":null,"height":null,"caption":"ENDK"},"image":{"@id":"https:\/\/endk.ch\/fr\/#\/schema\/logo\/image\/"}}]}},"_links":{"self":[{"href":"https:\/\/endk.ch\/fr\/wp-json\/wp\/v2\/pages\/2023","targetHints":{"allow":["GET"]}}],"collection":[{"href":"https:\/\/endk.ch\/fr\/wp-json\/wp\/v2\/pages"}],"about":[{"href":"https:\/\/endk.ch\/fr\/wp-json\/wp\/v2\/types\/page"}],"author":[{"embeddable":true,"href":"https:\/\/endk.ch\/fr\/wp-json\/wp\/v2\/users\/2"}],"replies":[{"embeddable":true,"href":"https:\/\/endk.ch\/fr\/wp-json\/wp\/v2\/comments?post=2023"}],"version-history":[{"count":7,"href":"https:\/\/endk.ch\/fr\/wp-json\/wp\/v2\/pages\/2023\/revisions"}],"predecessor-version":[{"id":3249,"href":"https:\/\/endk.ch\/fr\/wp-json\/wp\/v2\/pages\/2023\/revisions\/3249"}],"wp:attachment":[{"href":"https:\/\/endk.ch\/fr\/wp-json\/wp\/v2\/media?parent=2023"}],"curies":[{"name":"wp","href":"https:\/\/api.w.org\/{rel}","templated":true}]}}