{"id":2661,"date":"2025-07-18T11:43:32","date_gmt":"2025-07-18T11:43:32","guid":{"rendered":"https:\/\/dev.endk.bertaeins.ch\/entlastungspaket-27-microsite\/"},"modified":"2026-04-09T10:30:30","modified_gmt":"2026-04-09T10:30:30","slug":"programme-dallegement-budgetaire","status":"publish","type":"page","link":"https:\/\/endk.ch\/fr\/programme-dallegement-budgetaire\/","title":{"rendered":"Programme d&rsquo;all\u00e8gement budg\u00e9taire 2027"},"content":{"rendered":"\n<div class=\"wp-block-group\" style=\"padding-top:6rem;padding-bottom:6rem\"><div class=\"wp-block-group__inner-container is-layout-constrained wp-block-group-is-layout-constrained\">\n<h2 class=\"wp-block-heading has-large-font-size\">Programme d&rsquo;all\u00e8gement budg\u00e9taire 2027<\/h2>\n\n\n\n<p>L&rsquo;EnDK s&rsquo;est engag\u00e9e pour la poursuite d&rsquo;un encouragement cibl\u00e9 et efficace dans le domaine du b\u00e2timent. Cet engagement a port\u00e9 ses fruits puisque le Parlement a adopt\u00e9 la solution de compromis \u00e9labor\u00e9e par l\u2019EnDK.<\/p>\n<\/div><\/div>\n\n\n\n<h3 class=\"wp-block-heading has-blau-color has-text-color has-link-color wp-elements-a364bffdfb47865f8647aed539001e17\"><strong>Pousuite d&rsquo;une politique du b\u00e2timent efficace et coh\u00e9rente<\/strong><\/h3>\n\n\n\n<div style=\"height:51px\" aria-hidden=\"true\" class=\"wp-block-spacer\"><\/div>\n\n\n\n<p><strong>Adaptation \u00e0 la baisse du programme d&rsquo;all\u00e8gement budg\u00e9taire<\/strong><\/p>\n\n\n\n<p>Lors de la session de printemps 2026, le Parlement f\u00e9d\u00e9ral a achev\u00e9 l\u2019examen du programme d\u2019all\u00e8gement budg\u00e9taire 2027. Les deux Chambres ont att\u00e9nu\u00e9 l\u2019ampleur des \u00e9conomies initialement pr\u00e9vues par le Conseil f\u00e9d\u00e9ral, ramenant leur volume total \u00e0 pr\u00e8s de\u202f5,2\u202fmilliards de francs pour la p\u00e9riode\u202f2027\u20132029. Ces r\u00e9ductions touchent pratiquement l\u2019ensemble des domaines de l\u2019administration f\u00e9d\u00e9rale.<\/p>\n\n\n\n<p><strong><strong>Proposition de l&rsquo;EnDK dans le secteur du b\u00e2timent adopt\u00e9e par le Parlement <\/strong><\/strong><\/p>\n\n\n\n<p>Dans ce contexte budg\u00e9taire contraint, l\u2019EnDK s\u2019est clairement oppos\u00e9e \u00e0 la suppression du Programme\u202fB\u00e2timents telle que propos\u00e9e dans le message du Conseil f\u00e9d\u00e9ral. Tout au long des d\u00e9lib\u00e9rations parlementaires, elle s\u2019est engag\u00e9e pour le maintien d\u2019un soutien cibl\u00e9 et efficace en faveur de la transition \u00e9nerg\u00e9tique dans le parc immobilier suisse. Elle a ainsi \u00e9labor\u00e9 une solution de compromis \u00e0 la fois constructive et pragmatique. Reconnaissant le fruit de ce travail, le Parlement f\u00e9d\u00e9ral a adopt\u00e9 la proposition de l\u2019EnDK avec un compl\u00e9ment cibl\u00e9 en faveur de la g\u00e9othermie et des gaz renouvelables. L&rsquo;EnDK salue cette d\u00e9cision parlementaire, qui garantit la continuit\u00e9 d&rsquo;une politique du b\u00e2timent coh\u00e9rente et efficace, tout en contribuant \u00e0 une \u00e9conomie annuelle de\u202f200\u202fmillions de francs pour la Conf\u00e9d\u00e9ration.<br>Plus concr\u00e8tement, le Parlement f\u00e9d\u00e9ral a d\u00e9cid\u00e9 que le taux maximal de la taxe sur le CO2 reste inchang\u00e9 \u00e0 120 francs par tonne de CO\u2082, mais l&rsquo;affectation partielle des recettes est port\u00e9e \u00e0 45 %. Un montant maximal de 410 millions de francs est disponible pour le nouveau programme B\u00e2timents commun Conf\u00e9d\u00e9ration-cantons, jusqu&rsquo;\u00e0 30 millions de francs pour les projets d&rsquo;utilisation directe de la g\u00e9othermie pour la mise \u00e0 disposition de chaleur et jusqu&rsquo;\u00e0 10 millions de francs pour les installations de mise \u00e0 disposition de gaz renouvelables et leurs extensions. Le programme d&rsquo;innovation est financ\u00e9 comme jusqu&rsquo;\u00e0 pr\u00e9sent par le budget f\u00e9d\u00e9ral \u00e0 hauteur de 200 millions de francs au maximum.<\/p>\n\n\n\n<p><strong>Progr\u00e8s av\u00e9r\u00e9s gr\u00e2ce \u00e0 l&rsquo;approche \u00ab inciter, exiger, encourager \u00bb<\/strong><\/p>\n\n\n\n<p>Gr\u00e2ce \u00e0 la taxe sur le\u202fCO\u2082, aux prescriptions \u00e9nerg\u00e9tiques cantonales\u202f(MoPEC) et au\u202fProgramme\u202fB\u00e2timents, la politique du b\u00e2timent repose sur une architecture d\u2019instruments \u00e9quilibr\u00e9e et compl\u00e9mentaire, fonctionnant selon le principe\u202f: inciter, exiger, encourager. Cette combinaison a d\u00e9montr\u00e9 son efficacit\u00e9\u202f: les taux de r\u00e9novation sont en hausse, les besoins en chaleur diminuent, les syst\u00e8mes de chauffage renouvelables progressent et les \u00e9missions de\u202fCO\u2082 du b\u00e2timent ont baiss\u00e9 d\u2019environ\u202f46\u202f% depuis\u202f1990. La d\u00e9cision parlementaire de la session de printemps\u202f2026 consolide cette approche et renforce la cr\u00e9dibilit\u00e9 de la politique \u00e9nerg\u00e9tique et climatique dans le secteur du b\u00e2timent.<\/p>\n\n\n\n<p><strong>Respect des comp\u00e9tences cantonales<\/strong> <strong>dans la conception du nouveau Programme B\u00e2timent<\/strong><\/p>\n\n\n\n<p>La prochaine \u00e9tape consiste \u00e0 concevoir rapidement et soigneusement le nouveau programme commun d\u2019encouragement dans le domaine du b\u00e2timent. La Conf\u00e9d\u00e9ration et les cantons doivent \u00e9laborer ensemble les modalit\u00e9s de soutien, en veillant au respect des comp\u00e9tences constitutionnelles cantonales et \u00e0 une mise en \u0153uvre efficace. Les cantons doivent pouvoir adapter les mesures d\u2019encouragement aux conditions topographiques, climatiques et structurelles de chaque canton, assurant ainsi un encouragement cibl\u00e9, efficient et durable de la transition \u00e9nerg\u00e9tique dans le secteur du b\u00e2timent.<\/p>\n\n\n\n<p><\/p>\n\n\n\n<p><\/p>\n\n\n\n<div style=\"height:60px\" aria-hidden=\"true\" class=\"wp-block-spacer\"><\/div>\n","protected":false},"excerpt":{"rendered":"<p>Programme d&rsquo;all\u00e8gement budg\u00e9taire 2027 L&rsquo;EnDK s&rsquo;est engag\u00e9e pour la poursuite d&rsquo;un encouragement cibl\u00e9 et efficace dans le domaine du b\u00e2timent. Cet engagement a port\u00e9 ses fruits puisque le Parlement a adopt\u00e9 la solution de compromis \u00e9labor\u00e9e par l\u2019EnDK. Pousuite d&rsquo;une politique du b\u00e2timent efficace et coh\u00e9rente Adaptation \u00e0 la baisse du programme d&rsquo;all\u00e8gement budg\u00e9taire Lors [&hellip;]<\/p>\n","protected":false},"author":2,"featured_media":0,"parent":0,"menu_order":0,"comment_status":"closed","ping_status":"closed","template":"","meta":{"_acf_changed":false,"footnotes":""},"class_list":["post-2661","page","type-page","status-publish","hentry"],"acf":[],"yoast_head":"<!-- This site is optimized with the Yoast SEO plugin v27.2 - https:\/\/yoast.com\/product\/yoast-seo-wordpress\/ -->\n<title>Programme d&#039;all\u00e8gement budg\u00e9taire 2027 - ENDK<\/title>\n<meta name=\"robots\" content=\"index, follow, max-snippet:-1, max-image-preview:large, max-video-preview:-1\" \/>\n<link rel=\"canonical\" href=\"https:\/\/endk.ch\/fr\/programme-dallegement-budgetaire\/\" \/>\n<meta property=\"og:locale\" content=\"fr_FR\" \/>\n<meta property=\"og:type\" content=\"article\" \/>\n<meta property=\"og:title\" content=\"Programme d&#039;all\u00e8gement budg\u00e9taire 2027 - ENDK\" \/>\n<meta property=\"og:description\" content=\"Programme d&rsquo;all\u00e8gement budg\u00e9taire 2027 L&rsquo;EnDK s&rsquo;est engag\u00e9e pour la poursuite d&rsquo;un encouragement cibl\u00e9 et efficace dans le domaine du b\u00e2timent. Cet engagement a port\u00e9 ses fruits puisque le Parlement a adopt\u00e9 la solution de compromis \u00e9labor\u00e9e par l\u2019EnDK. Pousuite d&rsquo;une politique du b\u00e2timent efficace et coh\u00e9rente Adaptation \u00e0 la baisse du programme d&rsquo;all\u00e8gement budg\u00e9taire Lors [&hellip;]\" \/>\n<meta property=\"og:url\" content=\"https:\/\/endk.ch\/fr\/programme-dallegement-budgetaire\/\" \/>\n<meta property=\"og:site_name\" content=\"ENDK\" \/>\n<meta property=\"article:modified_time\" content=\"2026-04-09T10:30:30+00:00\" \/>\n<meta name=\"twitter:card\" content=\"summary_large_image\" \/>\n<meta name=\"twitter:label1\" content=\"Dur\u00e9e de lecture estim\u00e9e\" \/>\n\t<meta name=\"twitter:data1\" content=\"4 minutes\" \/>\n<script type=\"application\/ld+json\" class=\"yoast-schema-graph\">{\"@context\":\"https:\/\/schema.org\",\"@graph\":[{\"@type\":\"WebPage\",\"@id\":\"https:\/\/endk.ch\/fr\/programme-dallegement-budgetaire\/\",\"url\":\"https:\/\/endk.ch\/fr\/programme-dallegement-budgetaire\/\",\"name\":\"Programme d'all\u00e8gement budg\u00e9taire 2027 - ENDK\",\"isPartOf\":{\"@id\":\"https:\/\/endk.ch\/fr\/#website\"},\"datePublished\":\"2025-07-18T11:43:32+00:00\",\"dateModified\":\"2026-04-09T10:30:30+00:00\",\"breadcrumb\":{\"@id\":\"https:\/\/endk.ch\/fr\/programme-dallegement-budgetaire\/#breadcrumb\"},\"inLanguage\":\"fr-FR\",\"potentialAction\":[{\"@type\":\"ReadAction\",\"target\":[\"https:\/\/endk.ch\/fr\/programme-dallegement-budgetaire\/\"]}]},{\"@type\":\"BreadcrumbList\",\"@id\":\"https:\/\/endk.ch\/fr\/programme-dallegement-budgetaire\/#breadcrumb\",\"itemListElement\":[{\"@type\":\"ListItem\",\"position\":1,\"name\":\"Startseite\",\"item\":\"https:\/\/endk.ch\/fr\/\"},{\"@type\":\"ListItem\",\"position\":2,\"name\":\"Programme d&#8217;all\u00e8gement budg\u00e9taire 2027\"}]},{\"@type\":\"WebSite\",\"@id\":\"https:\/\/endk.ch\/fr\/#website\",\"url\":\"https:\/\/endk.ch\/fr\/\",\"name\":\"ENDK\",\"description\":\"\",\"publisher\":{\"@id\":\"https:\/\/endk.ch\/fr\/#organization\"},\"potentialAction\":[{\"@type\":\"SearchAction\",\"target\":{\"@type\":\"EntryPoint\",\"urlTemplate\":\"https:\/\/endk.ch\/fr\/?s={search_term_string}\"},\"query-input\":{\"@type\":\"PropertyValueSpecification\",\"valueRequired\":true,\"valueName\":\"search_term_string\"}}],\"inLanguage\":\"fr-FR\"},{\"@type\":\"Organization\",\"@id\":\"https:\/\/endk.ch\/fr\/#organization\",\"name\":\"ENDK\",\"url\":\"https:\/\/endk.ch\/fr\/\",\"logo\":{\"@type\":\"ImageObject\",\"inLanguage\":\"fr-FR\",\"@id\":\"https:\/\/endk.ch\/fr\/#\/schema\/logo\/image\/\",\"url\":null,\"contentUrl\":null,\"width\":null,\"height\":null,\"caption\":\"ENDK\"},\"image\":{\"@id\":\"https:\/\/endk.ch\/fr\/#\/schema\/logo\/image\/\"}}]}<\/script>\n<!-- \/ Yoast SEO plugin. -->","yoast_head_json":{"title":"Programme d'all\u00e8gement budg\u00e9taire 2027 - ENDK","robots":{"index":"index","follow":"follow","max-snippet":"max-snippet:-1","max-image-preview":"max-image-preview:large","max-video-preview":"max-video-preview:-1"},"canonical":"https:\/\/endk.ch\/fr\/programme-dallegement-budgetaire\/","og_locale":"fr_FR","og_type":"article","og_title":"Programme d'all\u00e8gement budg\u00e9taire 2027 - ENDK","og_description":"Programme d&rsquo;all\u00e8gement budg\u00e9taire 2027 L&rsquo;EnDK s&rsquo;est engag\u00e9e pour la poursuite d&rsquo;un encouragement cibl\u00e9 et efficace dans le domaine du b\u00e2timent. Cet engagement a port\u00e9 ses fruits puisque le Parlement a adopt\u00e9 la solution de compromis \u00e9labor\u00e9e par l\u2019EnDK. Pousuite d&rsquo;une politique du b\u00e2timent efficace et coh\u00e9rente Adaptation \u00e0 la baisse du programme d&rsquo;all\u00e8gement budg\u00e9taire Lors [&hellip;]","og_url":"https:\/\/endk.ch\/fr\/programme-dallegement-budgetaire\/","og_site_name":"ENDK","article_modified_time":"2026-04-09T10:30:30+00:00","twitter_card":"summary_large_image","twitter_misc":{"Dur\u00e9e de lecture estim\u00e9e":"4 minutes"},"schema":{"@context":"https:\/\/schema.org","@graph":[{"@type":"WebPage","@id":"https:\/\/endk.ch\/fr\/programme-dallegement-budgetaire\/","url":"https:\/\/endk.ch\/fr\/programme-dallegement-budgetaire\/","name":"Programme d'all\u00e8gement budg\u00e9taire 2027 - ENDK","isPartOf":{"@id":"https:\/\/endk.ch\/fr\/#website"},"datePublished":"2025-07-18T11:43:32+00:00","dateModified":"2026-04-09T10:30:30+00:00","breadcrumb":{"@id":"https:\/\/endk.ch\/fr\/programme-dallegement-budgetaire\/#breadcrumb"},"inLanguage":"fr-FR","potentialAction":[{"@type":"ReadAction","target":["https:\/\/endk.ch\/fr\/programme-dallegement-budgetaire\/"]}]},{"@type":"BreadcrumbList","@id":"https:\/\/endk.ch\/fr\/programme-dallegement-budgetaire\/#breadcrumb","itemListElement":[{"@type":"ListItem","position":1,"name":"Startseite","item":"https:\/\/endk.ch\/fr\/"},{"@type":"ListItem","position":2,"name":"Programme d&#8217;all\u00e8gement budg\u00e9taire 2027"}]},{"@type":"WebSite","@id":"https:\/\/endk.ch\/fr\/#website","url":"https:\/\/endk.ch\/fr\/","name":"ENDK","description":"","publisher":{"@id":"https:\/\/endk.ch\/fr\/#organization"},"potentialAction":[{"@type":"SearchAction","target":{"@type":"EntryPoint","urlTemplate":"https:\/\/endk.ch\/fr\/?s={search_term_string}"},"query-input":{"@type":"PropertyValueSpecification","valueRequired":true,"valueName":"search_term_string"}}],"inLanguage":"fr-FR"},{"@type":"Organization","@id":"https:\/\/endk.ch\/fr\/#organization","name":"ENDK","url":"https:\/\/endk.ch\/fr\/","logo":{"@type":"ImageObject","inLanguage":"fr-FR","@id":"https:\/\/endk.ch\/fr\/#\/schema\/logo\/image\/","url":null,"contentUrl":null,"width":null,"height":null,"caption":"ENDK"},"image":{"@id":"https:\/\/endk.ch\/fr\/#\/schema\/logo\/image\/"}}]}},"_links":{"self":[{"href":"https:\/\/endk.ch\/fr\/wp-json\/wp\/v2\/pages\/2661","targetHints":{"allow":["GET"]}}],"collection":[{"href":"https:\/\/endk.ch\/fr\/wp-json\/wp\/v2\/pages"}],"about":[{"href":"https:\/\/endk.ch\/fr\/wp-json\/wp\/v2\/types\/page"}],"author":[{"embeddable":true,"href":"https:\/\/endk.ch\/fr\/wp-json\/wp\/v2\/users\/2"}],"replies":[{"embeddable":true,"href":"https:\/\/endk.ch\/fr\/wp-json\/wp\/v2\/comments?post=2661"}],"version-history":[{"count":18,"href":"https:\/\/endk.ch\/fr\/wp-json\/wp\/v2\/pages\/2661\/revisions"}],"predecessor-version":[{"id":3875,"href":"https:\/\/endk.ch\/fr\/wp-json\/wp\/v2\/pages\/2661\/revisions\/3875"}],"wp:attachment":[{"href":"https:\/\/endk.ch\/fr\/wp-json\/wp\/v2\/media?parent=2661"}],"curies":[{"name":"wp","href":"https:\/\/api.w.org\/{rel}","templated":true}]}}