{"id":531,"date":"2025-06-11T09:27:37","date_gmt":"2025-06-11T09:27:37","guid":{"rendered":"https:\/\/dev.endk.bertaeins.ch\/contact\/"},"modified":"2025-08-26T11:51:24","modified_gmt":"2025-08-26T11:51:24","slug":"contact","status":"publish","type":"page","link":"https:\/\/endk.ch\/fr\/contact\/","title":{"rendered":"Contact"},"content":{"rendered":"\n<div class=\"wp-block-group\"><div class=\"wp-block-group__inner-container is-layout-constrained wp-block-group-is-layout-constrained\">\n<div class=\"wp-block-media-text has-media-on-the-right is-stacked-on-mobile\" style=\"grid-template-columns:auto 40%\"><div class=\"wp-block-media-text__content\">\n<h2 class=\"wp-block-heading has-large-font-size\">Contact<\/h2>\n\n\n\n<h3 class=\"wp-block-heading\">Le secr\u00e9tariat g\u00e9n\u00e9ral est \u00e0 votre service !<\/h3>\n\n\n\n<p>Le Secr\u00e9tariat g\u00e9n\u00e9ral est la plaque tournante de l&rsquo;EnDK et de l&rsquo;EnFK. Il fait office de bureau des deux conf\u00e9rences et assure la coordination entre les cantons et la Conf\u00e9d\u00e9ration. L&rsquo;\u00e9quipe se tient \u00e0 votre disposition pour toute question relative \u00e0 la politique \u00e9nerg\u00e9tique et \u00e0 la politique du b\u00e2timent des cantons.<\/p>\n<\/div><figure class=\"wp-block-media-text__media\"><img loading=\"lazy\" decoding=\"async\" width=\"1024\" height=\"683\" src=\"http:\/\/endk.ch\/wp-content\/uploads\/2025\/07\/Generalsekretariat-1024x683.jpg\" alt=\"\" class=\"wp-image-585 size-full\" srcset=\"https:\/\/endk.ch\/wp-content\/uploads\/2025\/07\/Generalsekretariat-1024x683.jpg 1024w, https:\/\/endk.ch\/wp-content\/uploads\/2025\/07\/Generalsekretariat-300x200.jpg 300w, https:\/\/endk.ch\/wp-content\/uploads\/2025\/07\/Generalsekretariat-768x512.jpg 768w, https:\/\/endk.ch\/wp-content\/uploads\/2025\/07\/Generalsekretariat-1536x1025.jpg 1536w, https:\/\/endk.ch\/wp-content\/uploads\/2025\/07\/Generalsekretariat-2048x1366.jpg 2048w\" sizes=\"auto, (max-width: 1024px) 100vw, 1024px\" \/><\/figure><\/div>\n<\/div><\/div>\n\n\n\n<div class=\"wp-block-group board-grid\"><div class=\"wp-block-group__inner-container is-layout-constrained wp-block-group-is-layout-constrained\">\n<h2 class=\"wp-block-heading has-large-font-size\">Secr\u00e9tariat g\u00e9n\u00e9ral<\/h2>\n\n\n        <section class=\"endk-person-data-grid\">\r\n            <div class=\"container\">\r\n                <div class=\"person-grid grid-4-col\">\r\n                                            <div class=\"person-card\">\r\n                            <div class=\"person-info\">\r\n                                <h3 class=\"name text-size-small\">V\u00e9ronique Bittner-Priez<\/h3>\r\n                                                                    <div class=\"position text-size-small\">Secr\u00e9taire g\u00e9n\u00e9rale<\/div>\r\n                                                                                                    <div class=\"telefon\"><strong>T<\/strong> +41 31 320 30 08<\/div>\r\n                                                                                                    <div class=\"email\">\r\n                                        <a href=\"mailto:v&#101;ronique&#46;&#98;itt&#110;e&#114;&#64;&#101;&#110;&#100;&#107;&#46;c&#104;\"\r\n                                        title=\"&#118;&#101;ro&#110;&#105;q&#117;e.&#98;&#105;&#116;&#116;&#110;e&#114;&#64;&#101;&#110;&#100;&#107;.ch\"\r\n                                        aria-label=\"E-Mail senden\">\r\n                                            <i class=\"fas fa-envelope\"><\/i>                                        <\/a>\r\n                                    <\/div>\r\n                                                            <\/div>\r\n                        <\/div>\r\n                                            <div class=\"person-card\">\r\n                            <div class=\"person-info\">\r\n                                <h3 class=\"name text-size-small\">Olivier Brenner<\/h3>\r\n                                                                    <div class=\"position text-size-small\">Secr\u00e9taire g\u00e9n\u00e9ral adjoint<\/div>\r\n                                                                                                    <div class=\"telefon\"><strong>T<\/strong> +41 31 320 30 27<\/div>\r\n                                                                                                    <div class=\"email\">\r\n                                        <a href=\"mailto:o&#108;ivi&#101;&#114;.b&#114;e&#110;&#110;e&#114;&#64;e&#110;&#100;&#107;&#46;ch\"\r\n                                        title=\"&#111;&#108;&#105;&#118;ie&#114;&#46;&#98;renn&#101;&#114;&#64;end&#107;&#46;ch\"\r\n                                        aria-label=\"E-Mail senden\">\r\n                                            <i class=\"fas fa-envelope\"><\/i>                                        <\/a>\r\n                                    <\/div>\r\n                                                            <\/div>\r\n                        <\/div>\r\n                                            <div class=\"person-card\">\r\n                            <div class=\"person-info\">\r\n                                <h3 class=\"name text-size-small\">Cornelia Abouri<\/h3>\r\n                                                                    <div class=\"position text-size-small\">Experte en politique \u00e9nerg\u00e9tique<\/div>\r\n                                                                                                    <div class=\"telefon\"><strong>T<\/strong> +41 31 320 30 02<\/div>\r\n                                                                                                    <div class=\"email\">\r\n                                        <a href=\"mailto:&#99;or&#110;&#101;l&#105;&#97;.a&#98;o&#117;&#114;&#105;&#64;&#101;ndk.&#99;h\"\r\n                                        title=\"&#99;&#111;r&#110;&#101;&#108;ia&#46;&#97;bou&#114;i&#64;&#101;&#110;&#100;&#107;.&#99;h\"\r\n                                        aria-label=\"E-Mail senden\">\r\n                                            <i class=\"fas fa-envelope\"><\/i>                                        <\/a>\r\n                                    <\/div>\r\n                                                            <\/div>\r\n                        <\/div>\r\n                                            <div class=\"person-card\">\r\n                            <div class=\"person-info\">\r\n                                <h3 class=\"name text-size-small\">Isabelle Schorer-C\u00e9aly<\/h3>\r\n                                                                    <div class=\"position text-size-small\">Assistante<\/div>\r\n                                                                                                    <div class=\"telefon\"><strong>T<\/strong> +41 31 320 30 25<\/div>\r\n                                                                                                    <div class=\"email\">\r\n                                        <a href=\"mailto:i&#115;a&#98;el&#108;e.&#115;cho&#114;e&#114;&#64;en&#100;&#107;.&#99;&#104;\"\r\n                                        title=\"&#105;&#115;&#97;&#98;&#101;&#108;&#108;e&#46;&#115;&#99;&#104;orer&#64;&#101;ndk&#46;ch\"\r\n                                        aria-label=\"E-Mail senden\">\r\n                                            <i class=\"fas fa-envelope\"><\/i>                                        <\/a>\r\n                                    <\/div>\r\n                                                            <\/div>\r\n                        <\/div>\r\n                                    <\/div>\r\n            <\/div>\r\n        <\/section>\r\n    <\/div><\/div>\n\n\n\n<div style=\"height:220px\" aria-hidden=\"true\" class=\"wp-block-spacer\"><\/div>\n\n\n\n<div class=\"wp-block-columns is-layout-flex wp-container-core-columns-is-layout-9d6595d7 wp-block-columns-is-layout-flex\">\n<div class=\"wp-block-column is-layout-flow wp-block-column-is-layout-flow\">\n<h2 class=\"wp-block-heading has-large-font-size\">Contact<\/h2>\n\n\n\n<h3 class=\"wp-block-heading\">Conf\u00e9rence des directeurs cantonaux de l&rsquo;\u00e9nergie<\/h3>\n\n\n\n<p>Maison des cantons<br>Speichergasse 6<br>3011 Berne<\/p>\n\n\n\n<p>+41 31 320 30 25<br><a href=\"mailto:info@endk.ch\">info@endk.ch<\/a><\/p>\n<\/div>\n\n\n\n<div class=\"wp-block-column is-layout-flow wp-block-column-is-layout-flow\">\n<div class=\"wp-block-group radius-20 overflow shadow-3\"><div class=\"wp-block-group__inner-container is-layout-constrained wp-block-group-is-layout-constrained\">\n<iframe src=\"https:\/\/www.google.com\/maps\/embed?pb=!1m18!1m12!1m3!1d680.8921570177105!2d7.441916871866876!3d46.95051672876587!2m3!1f0!2f0!3f0!3m2!1i1024!2i768!4f13.1!3m3!1m2!1s0x478e39bf81e462ab%3A0x869ff0a50869a923!2sHaus%20der%20Kantone!5e0!3m2!1spl!2spl!4v1749635359018!5m2!1sde!2sde\" width=\"560\" height=\"377\" style=\"border:0;\" allowfullscreen=\"\" loading=\"lazy\" referrerpolicy=\"no-referrer-when-downgrade\"><\/iframe>\n<\/div><\/div>\n<\/div>\n<\/div>\n\n\n\n<div style=\"height:60px\" aria-hidden=\"true\" class=\"wp-block-spacer\"><\/div>\n","protected":false},"excerpt":{"rendered":"<p>Contact Le secr\u00e9tariat g\u00e9n\u00e9ral est \u00e0 votre service ! Le Secr\u00e9tariat g\u00e9n\u00e9ral est la plaque tournante de l&rsquo;EnDK et de l&rsquo;EnFK. Il fait office de bureau des deux conf\u00e9rences et assure la coordination entre les cantons et la Conf\u00e9d\u00e9ration. L&rsquo;\u00e9quipe se tient \u00e0 votre disposition pour toute question relative \u00e0 la politique \u00e9nerg\u00e9tique et \u00e0 [&hellip;]<\/p>\n","protected":false},"author":1,"featured_media":0,"parent":0,"menu_order":0,"comment_status":"closed","ping_status":"closed","template":"","meta":{"_acf_changed":false,"footnotes":""},"class_list":["post-531","page","type-page","status-publish","hentry"],"acf":[],"yoast_head":"<!-- This site is optimized with the Yoast SEO plugin v27.2 - https:\/\/yoast.com\/product\/yoast-seo-wordpress\/ -->\n<title>Contact - ENDK<\/title>\n<meta name=\"robots\" content=\"index, follow, max-snippet:-1, max-image-preview:large, max-video-preview:-1\" \/>\n<link rel=\"canonical\" href=\"https:\/\/endk.ch\/fr\/contact\/\" \/>\n<meta property=\"og:locale\" content=\"fr_FR\" \/>\n<meta property=\"og:type\" content=\"article\" \/>\n<meta property=\"og:title\" content=\"Contact - ENDK\" \/>\n<meta property=\"og:description\" content=\"Contact Le secr\u00e9tariat g\u00e9n\u00e9ral est \u00e0 votre service ! Le Secr\u00e9tariat g\u00e9n\u00e9ral est la plaque tournante de l&rsquo;EnDK et de l&rsquo;EnFK. Il fait office de bureau des deux conf\u00e9rences et assure la coordination entre les cantons et la Conf\u00e9d\u00e9ration. L&rsquo;\u00e9quipe se tient \u00e0 votre disposition pour toute question relative \u00e0 la politique \u00e9nerg\u00e9tique et \u00e0 [&hellip;]\" \/>\n<meta property=\"og:url\" content=\"https:\/\/endk.ch\/fr\/contact\/\" \/>\n<meta property=\"og:site_name\" content=\"ENDK\" \/>\n<meta property=\"article:modified_time\" content=\"2025-08-26T11:51:24+00:00\" \/>\n<meta property=\"og:image\" content=\"https:\/\/endk.ch\/wp-content\/uploads\/2025\/07\/Generalsekretariat.jpg\" \/>\n\t<meta property=\"og:image:width\" content=\"2400\" \/>\n\t<meta property=\"og:image:height\" content=\"1601\" \/>\n\t<meta property=\"og:image:type\" content=\"image\/jpeg\" \/>\n<meta name=\"twitter:card\" content=\"summary_large_image\" \/>\n<meta name=\"twitter:label1\" content=\"Dur\u00e9e de lecture estim\u00e9e\" \/>\n\t<meta name=\"twitter:data1\" content=\"1 minute\" \/>\n<script type=\"application\/ld+json\" class=\"yoast-schema-graph\">{\"@context\":\"https:\/\/schema.org\",\"@graph\":[{\"@type\":\"WebPage\",\"@id\":\"https:\/\/endk.ch\/fr\/contact\/\",\"url\":\"https:\/\/endk.ch\/fr\/contact\/\",\"name\":\"Contact - ENDK\",\"isPartOf\":{\"@id\":\"https:\/\/endk.ch\/fr\/#website\"},\"primaryImageOfPage\":{\"@id\":\"https:\/\/endk.ch\/fr\/contact\/#primaryimage\"},\"image\":{\"@id\":\"https:\/\/endk.ch\/fr\/contact\/#primaryimage\"},\"thumbnailUrl\":\"http:\/\/endk.ch\/wp-content\/uploads\/2025\/07\/Generalsekretariat-1024x683.jpg\",\"datePublished\":\"2025-06-11T09:27:37+00:00\",\"dateModified\":\"2025-08-26T11:51:24+00:00\",\"breadcrumb\":{\"@id\":\"https:\/\/endk.ch\/fr\/contact\/#breadcrumb\"},\"inLanguage\":\"fr-FR\",\"potentialAction\":[{\"@type\":\"ReadAction\",\"target\":[\"https:\/\/endk.ch\/fr\/contact\/\"]}]},{\"@type\":\"ImageObject\",\"inLanguage\":\"fr-FR\",\"@id\":\"https:\/\/endk.ch\/fr\/contact\/#primaryimage\",\"url\":\"http:\/\/endk.ch\/wp-content\/uploads\/2025\/07\/Generalsekretariat-1024x683.jpg\",\"contentUrl\":\"http:\/\/endk.ch\/wp-content\/uploads\/2025\/07\/Generalsekretariat-1024x683.jpg\"},{\"@type\":\"BreadcrumbList\",\"@id\":\"https:\/\/endk.ch\/fr\/contact\/#breadcrumb\",\"itemListElement\":[{\"@type\":\"ListItem\",\"position\":1,\"name\":\"Startseite\",\"item\":\"https:\/\/endk.ch\/fr\/\"},{\"@type\":\"ListItem\",\"position\":2,\"name\":\"Contact\"}]},{\"@type\":\"WebSite\",\"@id\":\"https:\/\/endk.ch\/fr\/#website\",\"url\":\"https:\/\/endk.ch\/fr\/\",\"name\":\"ENDK\",\"description\":\"\",\"publisher\":{\"@id\":\"https:\/\/endk.ch\/fr\/#organization\"},\"potentialAction\":[{\"@type\":\"SearchAction\",\"target\":{\"@type\":\"EntryPoint\",\"urlTemplate\":\"https:\/\/endk.ch\/fr\/?s={search_term_string}\"},\"query-input\":{\"@type\":\"PropertyValueSpecification\",\"valueRequired\":true,\"valueName\":\"search_term_string\"}}],\"inLanguage\":\"fr-FR\"},{\"@type\":\"Organization\",\"@id\":\"https:\/\/endk.ch\/fr\/#organization\",\"name\":\"ENDK\",\"url\":\"https:\/\/endk.ch\/fr\/\",\"logo\":{\"@type\":\"ImageObject\",\"inLanguage\":\"fr-FR\",\"@id\":\"https:\/\/endk.ch\/fr\/#\/schema\/logo\/image\/\",\"url\":null,\"contentUrl\":null,\"width\":null,\"height\":null,\"caption\":\"ENDK\"},\"image\":{\"@id\":\"https:\/\/endk.ch\/fr\/#\/schema\/logo\/image\/\"}}]}<\/script>\n<!-- \/ Yoast SEO plugin. -->","yoast_head_json":{"title":"Contact - ENDK","robots":{"index":"index","follow":"follow","max-snippet":"max-snippet:-1","max-image-preview":"max-image-preview:large","max-video-preview":"max-video-preview:-1"},"canonical":"https:\/\/endk.ch\/fr\/contact\/","og_locale":"fr_FR","og_type":"article","og_title":"Contact - ENDK","og_description":"Contact Le secr\u00e9tariat g\u00e9n\u00e9ral est \u00e0 votre service ! Le Secr\u00e9tariat g\u00e9n\u00e9ral est la plaque tournante de l&rsquo;EnDK et de l&rsquo;EnFK. Il fait office de bureau des deux conf\u00e9rences et assure la coordination entre les cantons et la Conf\u00e9d\u00e9ration. L&rsquo;\u00e9quipe se tient \u00e0 votre disposition pour toute question relative \u00e0 la politique \u00e9nerg\u00e9tique et \u00e0 [&hellip;]","og_url":"https:\/\/endk.ch\/fr\/contact\/","og_site_name":"ENDK","article_modified_time":"2025-08-26T11:51:24+00:00","og_image":[{"width":2400,"height":1601,"url":"https:\/\/endk.ch\/wp-content\/uploads\/2025\/07\/Generalsekretariat.jpg","type":"image\/jpeg"}],"twitter_card":"summary_large_image","twitter_misc":{"Dur\u00e9e de lecture estim\u00e9e":"1 minute"},"schema":{"@context":"https:\/\/schema.org","@graph":[{"@type":"WebPage","@id":"https:\/\/endk.ch\/fr\/contact\/","url":"https:\/\/endk.ch\/fr\/contact\/","name":"Contact - ENDK","isPartOf":{"@id":"https:\/\/endk.ch\/fr\/#website"},"primaryImageOfPage":{"@id":"https:\/\/endk.ch\/fr\/contact\/#primaryimage"},"image":{"@id":"https:\/\/endk.ch\/fr\/contact\/#primaryimage"},"thumbnailUrl":"http:\/\/endk.ch\/wp-content\/uploads\/2025\/07\/Generalsekretariat-1024x683.jpg","datePublished":"2025-06-11T09:27:37+00:00","dateModified":"2025-08-26T11:51:24+00:00","breadcrumb":{"@id":"https:\/\/endk.ch\/fr\/contact\/#breadcrumb"},"inLanguage":"fr-FR","potentialAction":[{"@type":"ReadAction","target":["https:\/\/endk.ch\/fr\/contact\/"]}]},{"@type":"ImageObject","inLanguage":"fr-FR","@id":"https:\/\/endk.ch\/fr\/contact\/#primaryimage","url":"http:\/\/endk.ch\/wp-content\/uploads\/2025\/07\/Generalsekretariat-1024x683.jpg","contentUrl":"http:\/\/endk.ch\/wp-content\/uploads\/2025\/07\/Generalsekretariat-1024x683.jpg"},{"@type":"BreadcrumbList","@id":"https:\/\/endk.ch\/fr\/contact\/#breadcrumb","itemListElement":[{"@type":"ListItem","position":1,"name":"Startseite","item":"https:\/\/endk.ch\/fr\/"},{"@type":"ListItem","position":2,"name":"Contact"}]},{"@type":"WebSite","@id":"https:\/\/endk.ch\/fr\/#website","url":"https:\/\/endk.ch\/fr\/","name":"ENDK","description":"","publisher":{"@id":"https:\/\/endk.ch\/fr\/#organization"},"potentialAction":[{"@type":"SearchAction","target":{"@type":"EntryPoint","urlTemplate":"https:\/\/endk.ch\/fr\/?s={search_term_string}"},"query-input":{"@type":"PropertyValueSpecification","valueRequired":true,"valueName":"search_term_string"}}],"inLanguage":"fr-FR"},{"@type":"Organization","@id":"https:\/\/endk.ch\/fr\/#organization","name":"ENDK","url":"https:\/\/endk.ch\/fr\/","logo":{"@type":"ImageObject","inLanguage":"fr-FR","@id":"https:\/\/endk.ch\/fr\/#\/schema\/logo\/image\/","url":null,"contentUrl":null,"width":null,"height":null,"caption":"ENDK"},"image":{"@id":"https:\/\/endk.ch\/fr\/#\/schema\/logo\/image\/"}}]}},"_links":{"self":[{"href":"https:\/\/endk.ch\/fr\/wp-json\/wp\/v2\/pages\/531","targetHints":{"allow":["GET"]}}],"collection":[{"href":"https:\/\/endk.ch\/fr\/wp-json\/wp\/v2\/pages"}],"about":[{"href":"https:\/\/endk.ch\/fr\/wp-json\/wp\/v2\/types\/page"}],"author":[{"embeddable":true,"href":"https:\/\/endk.ch\/fr\/wp-json\/wp\/v2\/users\/1"}],"replies":[{"embeddable":true,"href":"https:\/\/endk.ch\/fr\/wp-json\/wp\/v2\/comments?post=531"}],"version-history":[{"count":7,"href":"https:\/\/endk.ch\/fr\/wp-json\/wp\/v2\/pages\/531\/revisions"}],"predecessor-version":[{"id":2703,"href":"https:\/\/endk.ch\/fr\/wp-json\/wp\/v2\/pages\/531\/revisions\/2703"}],"wp:attachment":[{"href":"https:\/\/endk.ch\/fr\/wp-json\/wp\/v2\/media?parent=531"}],"curies":[{"name":"wp","href":"https:\/\/api.w.org\/{rel}","templated":true}]}}