{"id":541,"date":"2025-06-12T11:14:02","date_gmt":"2025-06-12T11:14:02","guid":{"rendered":"https:\/\/dev.endk.bertaeins.ch\/mentions-legales\/"},"modified":"2025-08-28T07:09:48","modified_gmt":"2025-08-28T07:09:48","slug":"mentions-legales","status":"publish","type":"page","link":"https:\/\/endk.ch\/fr\/mentions-legales\/","title":{"rendered":"Mentions l\u00e9gales"},"content":{"rendered":"\n<p><strong>Conf\u00e9rences des directeurs cantonaux de l&rsquo;\u00e9nergie<br><\/strong>Maison des cantons<br>Speichergasse 6<br>3011 Bern<\/p>\n\n\n\n<p>+41 31 320 30 25<br><a href=\"mailto:info@endk.ch\">info@endk.ch<\/a><\/p>\n\n\n\n<p>designed by <a href=\"https:\/\/www.bertakomm.ch\" target=\"_blank\" rel=\"noreferrer noopener\">BERTAKOMM<\/a><\/p>\n\n\n\n<div style=\"height:115px\" aria-hidden=\"true\" class=\"wp-block-spacer\"><\/div>\n\n\n\n<div style=\"height:300px\" aria-hidden=\"true\" class=\"wp-block-spacer\"><\/div>\n","protected":false},"excerpt":{"rendered":"<p>Conf\u00e9rences des directeurs cantonaux de l&rsquo;\u00e9nergieMaison des cantonsSpeichergasse 63011 Bern +41 31 320 30 25info@endk.ch designed by BERTAKOMM<\/p>\n","protected":false},"author":1,"featured_media":0,"parent":0,"menu_order":0,"comment_status":"closed","ping_status":"closed","template":"","meta":{"_acf_changed":false,"footnotes":""},"class_list":["post-541","page","type-page","status-publish","hentry"],"acf":[],"yoast_head":"<!-- This site is optimized with the Yoast SEO plugin v27.2 - https:\/\/yoast.com\/product\/yoast-seo-wordpress\/ -->\n<title>Mentions l\u00e9gales - ENDK<\/title>\n<meta name=\"robots\" content=\"index, follow, max-snippet:-1, max-image-preview:large, max-video-preview:-1\" \/>\n<link rel=\"canonical\" href=\"https:\/\/endk.ch\/fr\/mentions-legales\/\" \/>\n<meta property=\"og:locale\" content=\"fr_FR\" \/>\n<meta property=\"og:type\" content=\"article\" \/>\n<meta property=\"og:title\" content=\"Mentions l\u00e9gales - ENDK\" \/>\n<meta property=\"og:description\" content=\"Conf\u00e9rences des directeurs cantonaux de l&rsquo;\u00e9nergieMaison des cantonsSpeichergasse 63011 Bern +41 31 320 30 25info@endk.ch designed by BERTAKOMM\" \/>\n<meta property=\"og:url\" content=\"https:\/\/endk.ch\/fr\/mentions-legales\/\" \/>\n<meta property=\"og:site_name\" content=\"ENDK\" \/>\n<meta property=\"article:modified_time\" content=\"2025-08-28T07:09:48+00:00\" \/>\n<meta name=\"twitter:card\" content=\"summary_large_image\" \/>\n<meta name=\"twitter:label1\" content=\"Dur\u00e9e de lecture estim\u00e9e\" \/>\n\t<meta name=\"twitter:data1\" content=\"1 minute\" \/>\n<script type=\"application\/ld+json\" class=\"yoast-schema-graph\">{\"@context\":\"https:\/\/schema.org\",\"@graph\":[{\"@type\":\"WebPage\",\"@id\":\"https:\/\/endk.ch\/fr\/mentions-legales\/\",\"url\":\"https:\/\/endk.ch\/fr\/mentions-legales\/\",\"name\":\"Mentions l\u00e9gales - ENDK\",\"isPartOf\":{\"@id\":\"https:\/\/endk.ch\/fr\/#website\"},\"datePublished\":\"2025-06-12T11:14:02+00:00\",\"dateModified\":\"2025-08-28T07:09:48+00:00\",\"breadcrumb\":{\"@id\":\"https:\/\/endk.ch\/fr\/mentions-legales\/#breadcrumb\"},\"inLanguage\":\"fr-FR\",\"potentialAction\":[{\"@type\":\"ReadAction\",\"target\":[\"https:\/\/endk.ch\/fr\/mentions-legales\/\"]}]},{\"@type\":\"BreadcrumbList\",\"@id\":\"https:\/\/endk.ch\/fr\/mentions-legales\/#breadcrumb\",\"itemListElement\":[{\"@type\":\"ListItem\",\"position\":1,\"name\":\"Startseite\",\"item\":\"https:\/\/endk.ch\/fr\/\"},{\"@type\":\"ListItem\",\"position\":2,\"name\":\"Mentions l\u00e9gales\"}]},{\"@type\":\"WebSite\",\"@id\":\"https:\/\/endk.ch\/fr\/#website\",\"url\":\"https:\/\/endk.ch\/fr\/\",\"name\":\"ENDK\",\"description\":\"\",\"publisher\":{\"@id\":\"https:\/\/endk.ch\/fr\/#organization\"},\"potentialAction\":[{\"@type\":\"SearchAction\",\"target\":{\"@type\":\"EntryPoint\",\"urlTemplate\":\"https:\/\/endk.ch\/fr\/?s={search_term_string}\"},\"query-input\":{\"@type\":\"PropertyValueSpecification\",\"valueRequired\":true,\"valueName\":\"search_term_string\"}}],\"inLanguage\":\"fr-FR\"},{\"@type\":\"Organization\",\"@id\":\"https:\/\/endk.ch\/fr\/#organization\",\"name\":\"ENDK\",\"url\":\"https:\/\/endk.ch\/fr\/\",\"logo\":{\"@type\":\"ImageObject\",\"inLanguage\":\"fr-FR\",\"@id\":\"https:\/\/endk.ch\/fr\/#\/schema\/logo\/image\/\",\"url\":null,\"contentUrl\":null,\"width\":null,\"height\":null,\"caption\":\"ENDK\"},\"image\":{\"@id\":\"https:\/\/endk.ch\/fr\/#\/schema\/logo\/image\/\"}}]}<\/script>\n<!-- \/ Yoast SEO plugin. -->","yoast_head_json":{"title":"Mentions l\u00e9gales - ENDK","robots":{"index":"index","follow":"follow","max-snippet":"max-snippet:-1","max-image-preview":"max-image-preview:large","max-video-preview":"max-video-preview:-1"},"canonical":"https:\/\/endk.ch\/fr\/mentions-legales\/","og_locale":"fr_FR","og_type":"article","og_title":"Mentions l\u00e9gales - ENDK","og_description":"Conf\u00e9rences des directeurs cantonaux de l&rsquo;\u00e9nergieMaison des cantonsSpeichergasse 63011 Bern +41 31 320 30 25info@endk.ch designed by BERTAKOMM","og_url":"https:\/\/endk.ch\/fr\/mentions-legales\/","og_site_name":"ENDK","article_modified_time":"2025-08-28T07:09:48+00:00","twitter_card":"summary_large_image","twitter_misc":{"Dur\u00e9e de lecture estim\u00e9e":"1 minute"},"schema":{"@context":"https:\/\/schema.org","@graph":[{"@type":"WebPage","@id":"https:\/\/endk.ch\/fr\/mentions-legales\/","url":"https:\/\/endk.ch\/fr\/mentions-legales\/","name":"Mentions l\u00e9gales - ENDK","isPartOf":{"@id":"https:\/\/endk.ch\/fr\/#website"},"datePublished":"2025-06-12T11:14:02+00:00","dateModified":"2025-08-28T07:09:48+00:00","breadcrumb":{"@id":"https:\/\/endk.ch\/fr\/mentions-legales\/#breadcrumb"},"inLanguage":"fr-FR","potentialAction":[{"@type":"ReadAction","target":["https:\/\/endk.ch\/fr\/mentions-legales\/"]}]},{"@type":"BreadcrumbList","@id":"https:\/\/endk.ch\/fr\/mentions-legales\/#breadcrumb","itemListElement":[{"@type":"ListItem","position":1,"name":"Startseite","item":"https:\/\/endk.ch\/fr\/"},{"@type":"ListItem","position":2,"name":"Mentions l\u00e9gales"}]},{"@type":"WebSite","@id":"https:\/\/endk.ch\/fr\/#website","url":"https:\/\/endk.ch\/fr\/","name":"ENDK","description":"","publisher":{"@id":"https:\/\/endk.ch\/fr\/#organization"},"potentialAction":[{"@type":"SearchAction","target":{"@type":"EntryPoint","urlTemplate":"https:\/\/endk.ch\/fr\/?s={search_term_string}"},"query-input":{"@type":"PropertyValueSpecification","valueRequired":true,"valueName":"search_term_string"}}],"inLanguage":"fr-FR"},{"@type":"Organization","@id":"https:\/\/endk.ch\/fr\/#organization","name":"ENDK","url":"https:\/\/endk.ch\/fr\/","logo":{"@type":"ImageObject","inLanguage":"fr-FR","@id":"https:\/\/endk.ch\/fr\/#\/schema\/logo\/image\/","url":null,"contentUrl":null,"width":null,"height":null,"caption":"ENDK"},"image":{"@id":"https:\/\/endk.ch\/fr\/#\/schema\/logo\/image\/"}}]}},"_links":{"self":[{"href":"https:\/\/endk.ch\/fr\/wp-json\/wp\/v2\/pages\/541","targetHints":{"allow":["GET"]}}],"collection":[{"href":"https:\/\/endk.ch\/fr\/wp-json\/wp\/v2\/pages"}],"about":[{"href":"https:\/\/endk.ch\/fr\/wp-json\/wp\/v2\/types\/page"}],"author":[{"embeddable":true,"href":"https:\/\/endk.ch\/fr\/wp-json\/wp\/v2\/users\/1"}],"replies":[{"embeddable":true,"href":"https:\/\/endk.ch\/fr\/wp-json\/wp\/v2\/comments?post=541"}],"version-history":[{"count":4,"href":"https:\/\/endk.ch\/fr\/wp-json\/wp\/v2\/pages\/541\/revisions"}],"predecessor-version":[{"id":3310,"href":"https:\/\/endk.ch\/fr\/wp-json\/wp\/v2\/pages\/541\/revisions\/3310"}],"wp:attachment":[{"href":"https:\/\/endk.ch\/fr\/wp-json\/wp\/v2\/media?parent=541"}],"curies":[{"name":"wp","href":"https:\/\/api.w.org\/{rel}","templated":true}]}}