{"id":2012,"date":"2025-07-18T10:58:56","date_gmt":"2025-07-18T10:58:56","guid":{"rendered":"https:\/\/dev.endk.bertaeins.ch\/inlaendische-erneuerbare-stromproduktion-microsite\/"},"modified":"2025-08-28T07:01:43","modified_gmt":"2025-08-28T07:01:43","slug":"produzione-nazionale-di-energia-elettrica-da-fonti-rinnovabili","status":"publish","type":"page","link":"https:\/\/endk.ch\/it\/produzione-nazionale-di-energia-elettrica-da-fonti-rinnovabili\/","title":{"rendered":"Produzione nazionale di energia elettrica da fonti rinnovabili"},"content":{"rendered":"\n<div class=\"wp-block-group\" style=\"padding-top:6rem;padding-bottom:6rem\"><div class=\"wp-block-group__inner-container is-layout-constrained wp-block-group-is-layout-constrained\">\n<h2 class=\"wp-block-heading has-large-font-size\">Produzione nazionale di energia elettrica da fonti rinnovabili<\/h2>\n\n\n\n<p>L&#8217;EnDK si impegna in favore di uno sviluppo rapido e sostenuto della produzione interna di energia elettrica rinnovabile e della creazione di condizioni quadro adeguate. Inoltre, occorre assicurare la continuit\u00e0 operativa degli impianti esistenti.<\/p>\n<\/div><\/div>\n\n\n\n<div style=\"height:50px\" aria-hidden=\"true\" class=\"wp-block-spacer\"><\/div>\n\n\n\n<h3 class=\"wp-block-heading has-blau-color has-text-color has-link-color wp-elements-2d59492d69adaa974c1f3ff54b2d4129\">L&#8217;espansione delle energie rinnovabili ha la massima priorit\u00e0<\/h3>\n\n\n\n<div style=\"height:50px\" aria-hidden=\"true\" class=\"wp-block-spacer\"><\/div>\n\n\n\n<div class=\"wp-block-columns is-layout-flex wp-container-core-columns-is-layout-9d6595d7 wp-block-columns-is-layout-flex\">\n<div class=\"wp-block-column is-layout-flow wp-block-column-is-layout-flow\" style=\"flex-basis:60%\">\n<p><strong><strong><strong>Un vigoroso incremento della produzione \u00e8 irrinunciabile<\/strong><\/strong><\/strong><\/p>\n\n\n\n<p>Per raggiungere l&#8217;obiettivo netto zero \u00e8 da prevedere una forte elettrificazione soprattutto nei settori dell&#8217;approvvigionamento di calore, della mobilit\u00e0 e dell&#8217;industria. La domanda di elettricit\u00e0 \u00e8 quindi destinata ad aumentare in modo significativo, nonostante gli sforzi compiuti in termini di sobriet\u00e0 ed efficienza. La Confederazione prevede un aumento di circa un quarto della domanda di elettricit\u00e0 nei prossimi 25 anni. A ci\u00f2 si aggiunge lo smantellamento delle centrali nucleari esistenti, che oggi forniscono ancora circa un terzo della produzione elettrica svizzera e che in futuro dovranno essere sosti.<\/p>\n<\/div>\n\n\n\n<div class=\"wp-block-column is-layout-flow wp-block-column-is-layout-flow\" style=\"flex-basis:40%\">\n<figure class=\"wp-block-image size-full is-resized\"><img loading=\"lazy\" decoding=\"async\" width=\"1200\" height=\"850\" src=\"http:\/\/endk.ch\/wp-content\/uploads\/2025\/07\/Staumauer_Mauvoisin_2023_12.jpg\" alt=\"\" class=\"wp-image-1523\" style=\"object-fit:cover;width:391px;height:337px\" srcset=\"https:\/\/endk.ch\/wp-content\/uploads\/2025\/07\/Staumauer_Mauvoisin_2023_12.jpg 1200w, https:\/\/endk.ch\/wp-content\/uploads\/2025\/07\/Staumauer_Mauvoisin_2023_12-300x213.jpg 300w, https:\/\/endk.ch\/wp-content\/uploads\/2025\/07\/Staumauer_Mauvoisin_2023_12-1024x725.jpg 1024w, https:\/\/endk.ch\/wp-content\/uploads\/2025\/07\/Staumauer_Mauvoisin_2023_12-768x544.jpg 768w\" sizes=\"auto, (max-width: 1200px) 100vw, 1200px\" \/><\/figure>\n<\/div>\n<\/div>\n\n\n\n<div style=\"height:50px\" aria-hidden=\"true\" class=\"wp-block-spacer\"><\/div>\n\n\n\n<p><strong>Rapida espansione di tutte le energie rinnovabili<\/strong><\/p>\n\n\n\n<p>Per garantire la sicurezza dell&#8217;approvvigionamento elettrico \u00e8 necessario sviluppare notevolmente la produzione di energia elettrica in Svizzera. Tenuto conto delle tecnologie disponibili, le energie rinnovabili come l&#8217;energia idroelettrica, l&#8217;energia solare, l&#8217;energia eolica o la biomassa sono necessarie per fornire un contributo in un lasso di tempo ragionevole. Un mix energetico il pi\u00f9 diversificato possibile aumenta la resilienza del sistema energetico, anche in inverno. L&#8217;EnDK si impegna quindi a favore dello sviluppo di tutte le energie rinnovabili indigene.<\/p>\n\n\n\n<p><strong>Condizioni quadro adeguate per una rapida espansione<\/strong><\/p>\n\n\n\n<p>Il potenziamento della produzione nazionale di energia da fonti rinnovabili dipende da una serie di fattori come la redditivit\u00e0, l&#8217;ammissibilit\u00e0 in termini di diritto pianificatorio, i requisiti di legge in materia ambientale e l&#8217;accettazione da parte della societ\u00e0. La legge federale sull&#8217;energia entrata in vigore nel 2025 migliora l&#8217;ammissibilit\u00e0 degli impianti e il loro incentivo finanziario. Attualmente sono in fase di sviluppo ulteriori disegni di legge per accelerare la pianificazione, l&#8217;autorizzazione e le procedure di ricorso. L&#8217;EnDK sostiene questa linea d&#8217;azione e chiede una revisione e un miglioramento a ciclo continuo delle condizioni quadro per il potenziamento della produzione di energia da fonti rinnovabili e delle reti necessarie.<\/p>\n\n\n\n<p><strong>L&#8217;energia idroelettrica \u00e8 e rimane l&#8217;elemento cardine dell&#8217;approvvigionamento di elettricit\u00e0<\/strong><\/p>\n\n\n\n<p>Con una quota di quasi il 60 per cento, l&#8217;energia idroelettrica \u00e8 la componente in assoluto pi\u00f9 importante della produzione di energia elettrica in Svizzera. Grazie alla sua notevole flessibilit\u00e0, l&#8217;energia idroelettrica da impianti di accumulazione \u00e8 fondamentale per la sicurezza dell&#8217;approvvigionamento. Al fine di rafforzarla ulteriormente nel periodo invernale \u00e8 necessario realizzare i progetti di energia idroelettrica da impianti di accumulazione previsti dalla legge federale sull&#8217;energia. Alla luce delle imminenti nuove concessioni, oltre al potenziamento della produzione nazionale di energia elettrica da fonti rinnovabili occorre assicurare anche la continuit\u00e0 operativa degli impianti esistenti. Vanno evitate la dismissione di centrali idroelettriche esistenti o perdite significative di produzione imputabili all&#8217;inasprimento delle normative ambientali.<\/p>\n\n\n\n<div style=\"height:68px\" aria-hidden=\"true\" class=\"wp-block-spacer\"><\/div>\n\n\n\n<h3 class=\"wp-block-heading has-blau-color has-text-color has-link-color wp-elements-2b74bbe3754130db13ed1961d5d69469\">Documenti<\/h3>\n\n\n\n<p>30.09.2024: <a href=\"http:\/\/endk.ch\/wp-content\/uploads\/2025\/08\/20240930_Netzexpress_Stn_EnDK_BPUK.pdf\">Presa di posizione sull&#8217;accelerazione delle procedure per le reti elettriche (LIE)<\/a> (tedesco)<\/p>\n\n\n\n<p>02.05.2022: <a href=\"http:\/\/endk.ch\/wp-content\/uploads\/2025\/08\/20220502_Stn_Verfahrensbeschleunigung_D.pdf\">Presa di posizione in merito al Progetto sull&#8217;acceleramento delle procedure per le energie rinnovabili (LEne)<\/a>(tedesco)<\/p>\n\n\n\n<p>13.12.2021: <a href=\"http:\/\/endk.ch\/wp-content\/uploads\/2025\/08\/Erklaerung-Runder-Tisch-Wasserkraft-IT.pdf\">Dichiarazione congiunta della Tavola rotonda sull\u2019energia idroelettrica<\/a><\/p>\n\n\n\n<div style=\"height:5px\" aria-hidden=\"true\" class=\"wp-block-spacer\"><\/div>\n\n\n\n<div class=\"wp-block-buttons is-layout-flex wp-block-buttons-is-layout-flex\">\n<div class=\"wp-block-button\"><a class=\"wp-block-button__link wp-element-button\" href=\"https:\/\/endk.ch\/it\/publikationen\/\">Vedi tutte le pubblicazioni<\/a><\/div>\n<\/div>\n\n\n\n<div style=\"height:60px\" aria-hidden=\"true\" class=\"wp-block-spacer\"><\/div>\n\n\n\n<p><\/p>\n","protected":false},"excerpt":{"rendered":"<p>Produzione nazionale di energia elettrica da fonti rinnovabili L&#8217;EnDK si impegna in favore di uno sviluppo rapido e sostenuto della produzione interna di energia elettrica rinnovabile e della creazione di condizioni quadro adeguate. Inoltre, occorre assicurare la continuit\u00e0 operativa degli impianti esistenti. L&#8217;espansione delle energie rinnovabili ha la massima priorit\u00e0 Un vigoroso incremento della produzione [&hellip;]<\/p>\n","protected":false},"author":2,"featured_media":0,"parent":0,"menu_order":0,"comment_status":"closed","ping_status":"closed","template":"","meta":{"_acf_changed":false,"footnotes":""},"class_list":["post-2012","page","type-page","status-publish","hentry"],"acf":[],"yoast_head":"<!-- This site is optimized with the Yoast SEO plugin v27.2 - https:\/\/yoast.com\/product\/yoast-seo-wordpress\/ -->\n<title>Produzione nazionale di energia elettrica da fonti rinnovabili - ENDK<\/title>\n<meta name=\"robots\" content=\"index, follow, max-snippet:-1, max-image-preview:large, max-video-preview:-1\" \/>\n<link rel=\"canonical\" href=\"https:\/\/endk.ch\/it\/produzione-nazionale-di-energia-elettrica-da-fonti-rinnovabili\/\" \/>\n<meta property=\"og:locale\" content=\"it_IT\" \/>\n<meta property=\"og:type\" content=\"article\" \/>\n<meta property=\"og:title\" content=\"Produzione nazionale di energia elettrica da fonti rinnovabili - ENDK\" \/>\n<meta property=\"og:description\" content=\"Produzione nazionale di energia elettrica da fonti rinnovabili L&#8217;EnDK si impegna in favore di uno sviluppo rapido e sostenuto della produzione interna di energia elettrica rinnovabile e della creazione di condizioni quadro adeguate. Inoltre, occorre assicurare la continuit\u00e0 operativa degli impianti esistenti. L&#8217;espansione delle energie rinnovabili ha la massima priorit\u00e0 Un vigoroso incremento della produzione [&hellip;]\" \/>\n<meta property=\"og:url\" content=\"https:\/\/endk.ch\/it\/produzione-nazionale-di-energia-elettrica-da-fonti-rinnovabili\/\" \/>\n<meta property=\"og:site_name\" content=\"ENDK\" \/>\n<meta property=\"article:modified_time\" content=\"2025-08-28T07:01:43+00:00\" \/>\n<meta property=\"og:image\" content=\"https:\/\/endk.ch\/wp-content\/uploads\/2025\/07\/Staumauer_Mauvoisin_2023_12.jpg\" \/>\n\t<meta property=\"og:image:width\" content=\"1200\" \/>\n\t<meta property=\"og:image:height\" content=\"850\" \/>\n\t<meta property=\"og:image:type\" content=\"image\/jpeg\" \/>\n<meta name=\"twitter:card\" content=\"summary_large_image\" \/>\n<meta name=\"twitter:label1\" content=\"Tempo di lettura stimato\" \/>\n\t<meta name=\"twitter:data1\" content=\"4 minuti\" \/>\n<script type=\"application\/ld+json\" class=\"yoast-schema-graph\">{\"@context\":\"https:\/\/schema.org\",\"@graph\":[{\"@type\":\"WebPage\",\"@id\":\"https:\/\/endk.ch\/it\/produzione-nazionale-di-energia-elettrica-da-fonti-rinnovabili\/\",\"url\":\"https:\/\/endk.ch\/it\/produzione-nazionale-di-energia-elettrica-da-fonti-rinnovabili\/\",\"name\":\"Produzione nazionale di energia elettrica da fonti rinnovabili - ENDK\",\"isPartOf\":{\"@id\":\"https:\/\/endk.ch\/it\/#website\"},\"primaryImageOfPage\":{\"@id\":\"https:\/\/endk.ch\/it\/produzione-nazionale-di-energia-elettrica-da-fonti-rinnovabili\/#primaryimage\"},\"image\":{\"@id\":\"https:\/\/endk.ch\/it\/produzione-nazionale-di-energia-elettrica-da-fonti-rinnovabili\/#primaryimage\"},\"thumbnailUrl\":\"http:\/\/endk.ch\/wp-content\/uploads\/2025\/07\/Staumauer_Mauvoisin_2023_12.jpg\",\"datePublished\":\"2025-07-18T10:58:56+00:00\",\"dateModified\":\"2025-08-28T07:01:43+00:00\",\"breadcrumb\":{\"@id\":\"https:\/\/endk.ch\/it\/produzione-nazionale-di-energia-elettrica-da-fonti-rinnovabili\/#breadcrumb\"},\"inLanguage\":\"it-IT\",\"potentialAction\":[{\"@type\":\"ReadAction\",\"target\":[\"https:\/\/endk.ch\/it\/produzione-nazionale-di-energia-elettrica-da-fonti-rinnovabili\/\"]}]},{\"@type\":\"ImageObject\",\"inLanguage\":\"it-IT\",\"@id\":\"https:\/\/endk.ch\/it\/produzione-nazionale-di-energia-elettrica-da-fonti-rinnovabili\/#primaryimage\",\"url\":\"http:\/\/endk.ch\/wp-content\/uploads\/2025\/07\/Staumauer_Mauvoisin_2023_12.jpg\",\"contentUrl\":\"http:\/\/endk.ch\/wp-content\/uploads\/2025\/07\/Staumauer_Mauvoisin_2023_12.jpg\"},{\"@type\":\"BreadcrumbList\",\"@id\":\"https:\/\/endk.ch\/it\/produzione-nazionale-di-energia-elettrica-da-fonti-rinnovabili\/#breadcrumb\",\"itemListElement\":[{\"@type\":\"ListItem\",\"position\":1,\"name\":\"Startseite\",\"item\":\"https:\/\/endk.ch\/it\/\"},{\"@type\":\"ListItem\",\"position\":2,\"name\":\"Produzione nazionale di energia elettrica da fonti rinnovabili\"}]},{\"@type\":\"WebSite\",\"@id\":\"https:\/\/endk.ch\/it\/#website\",\"url\":\"https:\/\/endk.ch\/it\/\",\"name\":\"ENDK\",\"description\":\"\",\"publisher\":{\"@id\":\"https:\/\/endk.ch\/it\/#organization\"},\"potentialAction\":[{\"@type\":\"SearchAction\",\"target\":{\"@type\":\"EntryPoint\",\"urlTemplate\":\"https:\/\/endk.ch\/it\/?s={search_term_string}\"},\"query-input\":{\"@type\":\"PropertyValueSpecification\",\"valueRequired\":true,\"valueName\":\"search_term_string\"}}],\"inLanguage\":\"it-IT\"},{\"@type\":\"Organization\",\"@id\":\"https:\/\/endk.ch\/it\/#organization\",\"name\":\"ENDK\",\"url\":\"https:\/\/endk.ch\/it\/\",\"logo\":{\"@type\":\"ImageObject\",\"inLanguage\":\"it-IT\",\"@id\":\"https:\/\/endk.ch\/it\/#\/schema\/logo\/image\/\",\"url\":null,\"contentUrl\":null,\"width\":null,\"height\":null,\"caption\":\"ENDK\"},\"image\":{\"@id\":\"https:\/\/endk.ch\/it\/#\/schema\/logo\/image\/\"}}]}<\/script>\n<!-- \/ Yoast SEO plugin. -->","yoast_head_json":{"title":"Produzione nazionale di energia elettrica da fonti rinnovabili - ENDK","robots":{"index":"index","follow":"follow","max-snippet":"max-snippet:-1","max-image-preview":"max-image-preview:large","max-video-preview":"max-video-preview:-1"},"canonical":"https:\/\/endk.ch\/it\/produzione-nazionale-di-energia-elettrica-da-fonti-rinnovabili\/","og_locale":"it_IT","og_type":"article","og_title":"Produzione nazionale di energia elettrica da fonti rinnovabili - ENDK","og_description":"Produzione nazionale di energia elettrica da fonti rinnovabili L&#8217;EnDK si impegna in favore di uno sviluppo rapido e sostenuto della produzione interna di energia elettrica rinnovabile e della creazione di condizioni quadro adeguate. Inoltre, occorre assicurare la continuit\u00e0 operativa degli impianti esistenti. L&#8217;espansione delle energie rinnovabili ha la massima priorit\u00e0 Un vigoroso incremento della produzione [&hellip;]","og_url":"https:\/\/endk.ch\/it\/produzione-nazionale-di-energia-elettrica-da-fonti-rinnovabili\/","og_site_name":"ENDK","article_modified_time":"2025-08-28T07:01:43+00:00","og_image":[{"width":1200,"height":850,"url":"https:\/\/endk.ch\/wp-content\/uploads\/2025\/07\/Staumauer_Mauvoisin_2023_12.jpg","type":"image\/jpeg"}],"twitter_card":"summary_large_image","twitter_misc":{"Tempo di lettura stimato":"4 minuti"},"schema":{"@context":"https:\/\/schema.org","@graph":[{"@type":"WebPage","@id":"https:\/\/endk.ch\/it\/produzione-nazionale-di-energia-elettrica-da-fonti-rinnovabili\/","url":"https:\/\/endk.ch\/it\/produzione-nazionale-di-energia-elettrica-da-fonti-rinnovabili\/","name":"Produzione nazionale di energia elettrica da fonti rinnovabili - ENDK","isPartOf":{"@id":"https:\/\/endk.ch\/it\/#website"},"primaryImageOfPage":{"@id":"https:\/\/endk.ch\/it\/produzione-nazionale-di-energia-elettrica-da-fonti-rinnovabili\/#primaryimage"},"image":{"@id":"https:\/\/endk.ch\/it\/produzione-nazionale-di-energia-elettrica-da-fonti-rinnovabili\/#primaryimage"},"thumbnailUrl":"http:\/\/endk.ch\/wp-content\/uploads\/2025\/07\/Staumauer_Mauvoisin_2023_12.jpg","datePublished":"2025-07-18T10:58:56+00:00","dateModified":"2025-08-28T07:01:43+00:00","breadcrumb":{"@id":"https:\/\/endk.ch\/it\/produzione-nazionale-di-energia-elettrica-da-fonti-rinnovabili\/#breadcrumb"},"inLanguage":"it-IT","potentialAction":[{"@type":"ReadAction","target":["https:\/\/endk.ch\/it\/produzione-nazionale-di-energia-elettrica-da-fonti-rinnovabili\/"]}]},{"@type":"ImageObject","inLanguage":"it-IT","@id":"https:\/\/endk.ch\/it\/produzione-nazionale-di-energia-elettrica-da-fonti-rinnovabili\/#primaryimage","url":"http:\/\/endk.ch\/wp-content\/uploads\/2025\/07\/Staumauer_Mauvoisin_2023_12.jpg","contentUrl":"http:\/\/endk.ch\/wp-content\/uploads\/2025\/07\/Staumauer_Mauvoisin_2023_12.jpg"},{"@type":"BreadcrumbList","@id":"https:\/\/endk.ch\/it\/produzione-nazionale-di-energia-elettrica-da-fonti-rinnovabili\/#breadcrumb","itemListElement":[{"@type":"ListItem","position":1,"name":"Startseite","item":"https:\/\/endk.ch\/it\/"},{"@type":"ListItem","position":2,"name":"Produzione nazionale di energia elettrica da fonti rinnovabili"}]},{"@type":"WebSite","@id":"https:\/\/endk.ch\/it\/#website","url":"https:\/\/endk.ch\/it\/","name":"ENDK","description":"","publisher":{"@id":"https:\/\/endk.ch\/it\/#organization"},"potentialAction":[{"@type":"SearchAction","target":{"@type":"EntryPoint","urlTemplate":"https:\/\/endk.ch\/it\/?s={search_term_string}"},"query-input":{"@type":"PropertyValueSpecification","valueRequired":true,"valueName":"search_term_string"}}],"inLanguage":"it-IT"},{"@type":"Organization","@id":"https:\/\/endk.ch\/it\/#organization","name":"ENDK","url":"https:\/\/endk.ch\/it\/","logo":{"@type":"ImageObject","inLanguage":"it-IT","@id":"https:\/\/endk.ch\/it\/#\/schema\/logo\/image\/","url":null,"contentUrl":null,"width":null,"height":null,"caption":"ENDK"},"image":{"@id":"https:\/\/endk.ch\/it\/#\/schema\/logo\/image\/"}}]}},"_links":{"self":[{"href":"https:\/\/endk.ch\/it\/wp-json\/wp\/v2\/pages\/2012","targetHints":{"allow":["GET"]}}],"collection":[{"href":"https:\/\/endk.ch\/it\/wp-json\/wp\/v2\/pages"}],"about":[{"href":"https:\/\/endk.ch\/it\/wp-json\/wp\/v2\/types\/page"}],"author":[{"embeddable":true,"href":"https:\/\/endk.ch\/it\/wp-json\/wp\/v2\/users\/2"}],"replies":[{"embeddable":true,"href":"https:\/\/endk.ch\/it\/wp-json\/wp\/v2\/comments?post=2012"}],"version-history":[{"count":11,"href":"https:\/\/endk.ch\/it\/wp-json\/wp\/v2\/pages\/2012\/revisions"}],"predecessor-version":[{"id":3291,"href":"https:\/\/endk.ch\/it\/wp-json\/wp\/v2\/pages\/2012\/revisions\/3291"}],"wp:attachment":[{"href":"https:\/\/endk.ch\/it\/wp-json\/wp\/v2\/media?parent=2012"}],"curies":[{"name":"wp","href":"https:\/\/api.w.org\/{rel}","templated":true}]}}