{"id":2015,"date":"2025-07-18T11:08:54","date_gmt":"2025-07-18T11:08:54","guid":{"rendered":"https:\/\/dev.endk.bertaeins.ch\/planungs-und-bewilligungsverfahren-microsite\/"},"modified":"2025-08-28T07:00:35","modified_gmt":"2025-08-28T07:00:35","slug":"procedura-di-pianificazione-e-autorizzazione","status":"publish","type":"page","link":"https:\/\/endk.ch\/it\/procedura-di-pianificazione-e-autorizzazione\/","title":{"rendered":"Procedura di pianificazione e autorizzazione"},"content":{"rendered":"\n<div class=\"wp-block-group\" style=\"padding-top:6rem;padding-bottom:6rem\"><div class=\"wp-block-group__inner-container is-layout-constrained wp-block-group-is-layout-constrained\">\n<h2 class=\"wp-block-heading has-large-font-size\">Procedura di pianificazione e autorizzazione<\/h2>\n\n\n\n<p>L&#8217;EnDK si impegna a favore di una rapida espansione delle energie rinnovabili. A tal fine, la ponderazione degli interessi deve propendere maggiormente a favore delle energie rinnovabili. In questo ambito l&#8217;EnDK investe forze e risorse per promuovere procedure di pianificazione e autorizzazione efficienti per progetti di energia rinnovabile.<\/p>\n<\/div><\/div>\n\n\n\n<div style=\"height:50px\" aria-hidden=\"true\" class=\"wp-block-spacer\"><\/div>\n\n\n\n<h3 class=\"wp-block-heading has-blau-color has-text-color has-link-color wp-elements-5fa9c878e58a05f14cd0242ddf206f04\">Una rapida espansione richiede procedure efficienti<\/h3>\n\n\n\n<div style=\"height:50px\" aria-hidden=\"true\" class=\"wp-block-spacer\"><\/div>\n\n\n\n<div class=\"wp-block-columns is-layout-flex wp-container-core-columns-is-layout-9d6595d7 wp-block-columns-is-layout-flex\">\n<div class=\"wp-block-column is-layout-flow wp-block-column-is-layout-flow\" style=\"flex-basis:60%\">\n<p><strong><strong>Ostacoli all\u2019espansione delle energie rinnovabili<\/strong><\/strong><\/p>\n\n\n\n<p>Per raggiungere l&#8217;obiettivo netto zero e garantire al tempo stesso la sicurezza dell&#8217;approvvigionamento, occorre incrementare senza indugio la produzione di energia elettrica in Svizzera, ci\u00f2 che, stante la disponibilit\u00e0 tecnologica, \u00e8 possibile solo facendo ricorso ad energie rinnovabili come l&#8217;energia idroelettrica, solare, eolica o da biomassa. In realt\u00e0, tuttavia, molti di questi progetti subiscono ritardi o vengono persino bloccati per motivi ascrivibili alla tutela del paesaggio, della biodiversit\u00e0, dei monumenti storici, della pianificazione del territorio o del diritto fondiario rurale.<\/p>\n<\/div>\n\n\n\n<div class=\"wp-block-column is-layout-flow wp-block-column-is-layout-flow\" style=\"flex-basis:40%\">\n<figure class=\"wp-block-image size-full is-resized\"><img loading=\"lazy\" decoding=\"async\" width=\"1200\" height=\"850\" src=\"http:\/\/endk.ch\/wp-content\/uploads\/2025\/07\/lebensraum-natur-solarenergie-schafe-mont-soleil-lars-borges-bkw-2023.jpg\" alt=\"\" class=\"wp-image-1535\" style=\"object-fit:cover;width:391px;height:337px\" srcset=\"https:\/\/endk.ch\/wp-content\/uploads\/2025\/07\/lebensraum-natur-solarenergie-schafe-mont-soleil-lars-borges-bkw-2023.jpg 1200w, https:\/\/endk.ch\/wp-content\/uploads\/2025\/07\/lebensraum-natur-solarenergie-schafe-mont-soleil-lars-borges-bkw-2023-300x213.jpg 300w, https:\/\/endk.ch\/wp-content\/uploads\/2025\/07\/lebensraum-natur-solarenergie-schafe-mont-soleil-lars-borges-bkw-2023-1024x725.jpg 1024w, https:\/\/endk.ch\/wp-content\/uploads\/2025\/07\/lebensraum-natur-solarenergie-schafe-mont-soleil-lars-borges-bkw-2023-768x544.jpg 768w\" sizes=\"auto, (max-width: 1200px) 100vw, 1200px\" \/><figcaption class=\"wp-element-caption\">\u00a9 Lars Borges, Quelle: BKW AG<\/figcaption><\/figure>\n<\/div>\n<\/div>\n\n\n\n<div style=\"height:50px\" aria-hidden=\"true\" class=\"wp-block-spacer\"><\/div>\n\n\n\n<p><strong><strong>Un nuovo equilibrio nella ponderazione degli interessi<\/strong><\/strong><\/p>\n\n\n\n<p>Finora non si \u00e8 tenuto sufficientemente conto del contributo a lungo termine delle energie rinnovabili alla protezione del clima, dell&#8217;ambiente e della biodiversit\u00e0. Il potenziamento della produzione di energia rinnovabile sostituisce i sistemi nocivi per l&#8217;ambiente e rappresenta quindi di fatto anche un progresso per l&#8217;ecosistema e la biodiversit\u00e0, in particolare grazie alla riduzione del riscaldamento globale. Occorre quindi riequilibrare la ponderazione tra la protezione dell&#8217;ambiente e i vantaggi della produzione di energie rinnovabili, ma anche la ponderazione tra i vari interessi di tutela. La legge federale sull&#8217;energia, entrata in vigore nel 2025, dovrebbe consentire dei progressi in questo campo.<\/p>\n\n\n\n<p><strong><strong>Maggiore rapidit\u00e0 nelle procedure di autorizzazione<\/strong><\/strong><\/p>\n\n\n\n<p>Oggi le procedure per la pianificazione e l&#8217;autorizzazione degli impianti per la produzione di energia elettrica da fonti rinnovabili sono lunghe e non di rado possono richiedere 10 anni o pi\u00f9. A questo ritmo sar\u00e0 difficile realizzare in tempo utile l&#8217;espansione delle energie rinnovabili, motivo per cui l&#8217;EnDK si sta adoperando a favore del cosiddetto Progetto sull&#8217;acceleramento delle procedure per le energie rinnovabili, che prevede l&#8217;introduzione di procedure di autorizzazione concentrate e procedure di ricorso pi\u00f9 brevi per l&#8217;incremento della produzione di energia rinnovabile. Le misure in parola sono tuttavia necessarie anche per le reti elettriche, affinch\u00e9 possano essere ampliate in concomitanza con la produzione.<\/p>\n\n\n\n<p><strong>I Cantoni fanno passi avanti<\/strong><\/p>\n\n\n\n<p>Le procedure di pianificazione e autorizzazione per gli impianti di produzione di energie rinnovabili sono di competenza dei Cantoni, molti dei quali stanno definendo nei loro piani direttori le aree idonee alle energie rinnovabili. Diversi Cantoni applicano ora anche procedure concentrate per l&#8217;autorizzazione degli impianti di produzione di energia, contribuendo&nbsp; cos\u00ec concretamente a promuovere l&#8217;espansione delle energie rinnovabili.<\/p>\n\n\n\n<div style=\"height:57px\" aria-hidden=\"true\" class=\"wp-block-spacer\"><\/div>\n\n\n\n<h3 class=\"wp-block-heading has-blau-color has-text-color has-link-color wp-elements-2b74bbe3754130db13ed1961d5d69469\">Documenti<\/h3>\n\n\n\n<p>&nbsp;&nbsp;&nbsp;&nbsp; <br>25.02.2025: <a href=\"http:\/\/endk.ch\/wp-content\/uploads\/2025\/07\/20250225_VPeA_Stn_EnDK_BPUK.pdf\">Presa di posizione sull&#8217;accelerazione nell\u2019ampliamento e nella trasformazione delle reti elettriche (OPIE)<\/a> (tedesco)<\/p>\n\n\n\n<p>30.09.2024: <a href=\"http:\/\/endk.ch\/wp-content\/uploads\/2025\/08\/20240930_Netzexpress_Stn_EnDK_BPUK.pdf\">Presa di posizione sull&#8217;accelerazione delle procedure per le reti elettriche (LIE)<\/a> (tedesco)<\/p>\n\n\n\n<p>02.05.2022: <a href=\"http:\/\/endk.ch\/wp-content\/uploads\/2025\/08\/20220502_Stn_Verfahrensbeschleunigung_D.pdf\">Presa di posizione in merito al Progetto sull&#8217;acceleramento delle procedure per le energie rinnovabili (LEne)<\/a> (tedesco)<\/p>\n\n\n\n<div style=\"height:5px\" aria-hidden=\"true\" class=\"wp-block-spacer\"><\/div>\n\n\n\n<div class=\"wp-block-buttons is-layout-flex wp-block-buttons-is-layout-flex\">\n<div class=\"wp-block-button\"><a class=\"wp-block-button__link wp-element-button\" href=\"https:\/\/endk.ch\/it\/publikationen\/\">Vedi tutte le pubblicazioni<\/a><\/div>\n<\/div>\n\n\n\n<div style=\"height:60px\" aria-hidden=\"true\" class=\"wp-block-spacer\"><\/div>\n","protected":false},"excerpt":{"rendered":"<p>Procedura di pianificazione e autorizzazione L&#8217;EnDK si impegna a favore di una rapida espansione delle energie rinnovabili. A tal fine, la ponderazione degli interessi deve propendere maggiormente a favore delle energie rinnovabili. In questo ambito l&#8217;EnDK investe forze e risorse per promuovere procedure di pianificazione e autorizzazione efficienti per progetti di energia rinnovabile. Una rapida [&hellip;]<\/p>\n","protected":false},"author":2,"featured_media":0,"parent":0,"menu_order":0,"comment_status":"closed","ping_status":"closed","template":"","meta":{"_acf_changed":false,"footnotes":""},"class_list":["post-2015","page","type-page","status-publish","hentry"],"acf":[],"yoast_head":"<!-- This site is optimized with the Yoast SEO plugin v27.2 - https:\/\/yoast.com\/product\/yoast-seo-wordpress\/ -->\n<title>Procedura di pianificazione e autorizzazione - ENDK<\/title>\n<meta name=\"robots\" content=\"index, follow, max-snippet:-1, max-image-preview:large, max-video-preview:-1\" \/>\n<link rel=\"canonical\" href=\"https:\/\/endk.ch\/it\/procedura-di-pianificazione-e-autorizzazione\/\" \/>\n<meta property=\"og:locale\" content=\"it_IT\" \/>\n<meta property=\"og:type\" content=\"article\" \/>\n<meta property=\"og:title\" content=\"Procedura di pianificazione e autorizzazione - ENDK\" \/>\n<meta property=\"og:description\" content=\"Procedura di pianificazione e autorizzazione L&#8217;EnDK si impegna a favore di una rapida espansione delle energie rinnovabili. A tal fine, la ponderazione degli interessi deve propendere maggiormente a favore delle energie rinnovabili. In questo ambito l&#8217;EnDK investe forze e risorse per promuovere procedure di pianificazione e autorizzazione efficienti per progetti di energia rinnovabile. Una rapida [&hellip;]\" \/>\n<meta property=\"og:url\" content=\"https:\/\/endk.ch\/it\/procedura-di-pianificazione-e-autorizzazione\/\" \/>\n<meta property=\"og:site_name\" content=\"ENDK\" \/>\n<meta property=\"article:modified_time\" content=\"2025-08-28T07:00:35+00:00\" \/>\n<meta property=\"og:image\" content=\"https:\/\/endk.ch\/wp-content\/uploads\/2025\/07\/lebensraum-natur-solarenergie-schafe-mont-soleil-lars-borges-bkw-2023.jpg\" \/>\n\t<meta property=\"og:image:width\" content=\"1200\" \/>\n\t<meta property=\"og:image:height\" content=\"850\" \/>\n\t<meta property=\"og:image:type\" content=\"image\/jpeg\" \/>\n<meta name=\"twitter:card\" content=\"summary_large_image\" \/>\n<meta name=\"twitter:label1\" content=\"Tempo di lettura stimato\" \/>\n\t<meta name=\"twitter:data1\" content=\"3 minuti\" \/>\n<script type=\"application\/ld+json\" class=\"yoast-schema-graph\">{\"@context\":\"https:\/\/schema.org\",\"@graph\":[{\"@type\":\"WebPage\",\"@id\":\"https:\/\/endk.ch\/it\/procedura-di-pianificazione-e-autorizzazione\/\",\"url\":\"https:\/\/endk.ch\/it\/procedura-di-pianificazione-e-autorizzazione\/\",\"name\":\"Procedura di pianificazione e autorizzazione - ENDK\",\"isPartOf\":{\"@id\":\"https:\/\/endk.ch\/it\/#website\"},\"primaryImageOfPage\":{\"@id\":\"https:\/\/endk.ch\/it\/procedura-di-pianificazione-e-autorizzazione\/#primaryimage\"},\"image\":{\"@id\":\"https:\/\/endk.ch\/it\/procedura-di-pianificazione-e-autorizzazione\/#primaryimage\"},\"thumbnailUrl\":\"http:\/\/endk.ch\/wp-content\/uploads\/2025\/07\/lebensraum-natur-solarenergie-schafe-mont-soleil-lars-borges-bkw-2023.jpg\",\"datePublished\":\"2025-07-18T11:08:54+00:00\",\"dateModified\":\"2025-08-28T07:00:35+00:00\",\"breadcrumb\":{\"@id\":\"https:\/\/endk.ch\/it\/procedura-di-pianificazione-e-autorizzazione\/#breadcrumb\"},\"inLanguage\":\"it-IT\",\"potentialAction\":[{\"@type\":\"ReadAction\",\"target\":[\"https:\/\/endk.ch\/it\/procedura-di-pianificazione-e-autorizzazione\/\"]}]},{\"@type\":\"ImageObject\",\"inLanguage\":\"it-IT\",\"@id\":\"https:\/\/endk.ch\/it\/procedura-di-pianificazione-e-autorizzazione\/#primaryimage\",\"url\":\"http:\/\/endk.ch\/wp-content\/uploads\/2025\/07\/lebensraum-natur-solarenergie-schafe-mont-soleil-lars-borges-bkw-2023.jpg\",\"contentUrl\":\"http:\/\/endk.ch\/wp-content\/uploads\/2025\/07\/lebensraum-natur-solarenergie-schafe-mont-soleil-lars-borges-bkw-2023.jpg\"},{\"@type\":\"BreadcrumbList\",\"@id\":\"https:\/\/endk.ch\/it\/procedura-di-pianificazione-e-autorizzazione\/#breadcrumb\",\"itemListElement\":[{\"@type\":\"ListItem\",\"position\":1,\"name\":\"Startseite\",\"item\":\"https:\/\/endk.ch\/it\/\"},{\"@type\":\"ListItem\",\"position\":2,\"name\":\"Procedura di pianificazione e autorizzazione\"}]},{\"@type\":\"WebSite\",\"@id\":\"https:\/\/endk.ch\/it\/#website\",\"url\":\"https:\/\/endk.ch\/it\/\",\"name\":\"ENDK\",\"description\":\"\",\"publisher\":{\"@id\":\"https:\/\/endk.ch\/it\/#organization\"},\"potentialAction\":[{\"@type\":\"SearchAction\",\"target\":{\"@type\":\"EntryPoint\",\"urlTemplate\":\"https:\/\/endk.ch\/it\/?s={search_term_string}\"},\"query-input\":{\"@type\":\"PropertyValueSpecification\",\"valueRequired\":true,\"valueName\":\"search_term_string\"}}],\"inLanguage\":\"it-IT\"},{\"@type\":\"Organization\",\"@id\":\"https:\/\/endk.ch\/it\/#organization\",\"name\":\"ENDK\",\"url\":\"https:\/\/endk.ch\/it\/\",\"logo\":{\"@type\":\"ImageObject\",\"inLanguage\":\"it-IT\",\"@id\":\"https:\/\/endk.ch\/it\/#\/schema\/logo\/image\/\",\"url\":null,\"contentUrl\":null,\"width\":null,\"height\":null,\"caption\":\"ENDK\"},\"image\":{\"@id\":\"https:\/\/endk.ch\/it\/#\/schema\/logo\/image\/\"}}]}<\/script>\n<!-- \/ Yoast SEO plugin. -->","yoast_head_json":{"title":"Procedura di pianificazione e autorizzazione - ENDK","robots":{"index":"index","follow":"follow","max-snippet":"max-snippet:-1","max-image-preview":"max-image-preview:large","max-video-preview":"max-video-preview:-1"},"canonical":"https:\/\/endk.ch\/it\/procedura-di-pianificazione-e-autorizzazione\/","og_locale":"it_IT","og_type":"article","og_title":"Procedura di pianificazione e autorizzazione - ENDK","og_description":"Procedura di pianificazione e autorizzazione L&#8217;EnDK si impegna a favore di una rapida espansione delle energie rinnovabili. A tal fine, la ponderazione degli interessi deve propendere maggiormente a favore delle energie rinnovabili. In questo ambito l&#8217;EnDK investe forze e risorse per promuovere procedure di pianificazione e autorizzazione efficienti per progetti di energia rinnovabile. Una rapida [&hellip;]","og_url":"https:\/\/endk.ch\/it\/procedura-di-pianificazione-e-autorizzazione\/","og_site_name":"ENDK","article_modified_time":"2025-08-28T07:00:35+00:00","og_image":[{"width":1200,"height":850,"url":"https:\/\/endk.ch\/wp-content\/uploads\/2025\/07\/lebensraum-natur-solarenergie-schafe-mont-soleil-lars-borges-bkw-2023.jpg","type":"image\/jpeg"}],"twitter_card":"summary_large_image","twitter_misc":{"Tempo di lettura stimato":"3 minuti"},"schema":{"@context":"https:\/\/schema.org","@graph":[{"@type":"WebPage","@id":"https:\/\/endk.ch\/it\/procedura-di-pianificazione-e-autorizzazione\/","url":"https:\/\/endk.ch\/it\/procedura-di-pianificazione-e-autorizzazione\/","name":"Procedura di pianificazione e autorizzazione - ENDK","isPartOf":{"@id":"https:\/\/endk.ch\/it\/#website"},"primaryImageOfPage":{"@id":"https:\/\/endk.ch\/it\/procedura-di-pianificazione-e-autorizzazione\/#primaryimage"},"image":{"@id":"https:\/\/endk.ch\/it\/procedura-di-pianificazione-e-autorizzazione\/#primaryimage"},"thumbnailUrl":"http:\/\/endk.ch\/wp-content\/uploads\/2025\/07\/lebensraum-natur-solarenergie-schafe-mont-soleil-lars-borges-bkw-2023.jpg","datePublished":"2025-07-18T11:08:54+00:00","dateModified":"2025-08-28T07:00:35+00:00","breadcrumb":{"@id":"https:\/\/endk.ch\/it\/procedura-di-pianificazione-e-autorizzazione\/#breadcrumb"},"inLanguage":"it-IT","potentialAction":[{"@type":"ReadAction","target":["https:\/\/endk.ch\/it\/procedura-di-pianificazione-e-autorizzazione\/"]}]},{"@type":"ImageObject","inLanguage":"it-IT","@id":"https:\/\/endk.ch\/it\/procedura-di-pianificazione-e-autorizzazione\/#primaryimage","url":"http:\/\/endk.ch\/wp-content\/uploads\/2025\/07\/lebensraum-natur-solarenergie-schafe-mont-soleil-lars-borges-bkw-2023.jpg","contentUrl":"http:\/\/endk.ch\/wp-content\/uploads\/2025\/07\/lebensraum-natur-solarenergie-schafe-mont-soleil-lars-borges-bkw-2023.jpg"},{"@type":"BreadcrumbList","@id":"https:\/\/endk.ch\/it\/procedura-di-pianificazione-e-autorizzazione\/#breadcrumb","itemListElement":[{"@type":"ListItem","position":1,"name":"Startseite","item":"https:\/\/endk.ch\/it\/"},{"@type":"ListItem","position":2,"name":"Procedura di pianificazione e autorizzazione"}]},{"@type":"WebSite","@id":"https:\/\/endk.ch\/it\/#website","url":"https:\/\/endk.ch\/it\/","name":"ENDK","description":"","publisher":{"@id":"https:\/\/endk.ch\/it\/#organization"},"potentialAction":[{"@type":"SearchAction","target":{"@type":"EntryPoint","urlTemplate":"https:\/\/endk.ch\/it\/?s={search_term_string}"},"query-input":{"@type":"PropertyValueSpecification","valueRequired":true,"valueName":"search_term_string"}}],"inLanguage":"it-IT"},{"@type":"Organization","@id":"https:\/\/endk.ch\/it\/#organization","name":"ENDK","url":"https:\/\/endk.ch\/it\/","logo":{"@type":"ImageObject","inLanguage":"it-IT","@id":"https:\/\/endk.ch\/it\/#\/schema\/logo\/image\/","url":null,"contentUrl":null,"width":null,"height":null,"caption":"ENDK"},"image":{"@id":"https:\/\/endk.ch\/it\/#\/schema\/logo\/image\/"}}]}},"_links":{"self":[{"href":"https:\/\/endk.ch\/it\/wp-json\/wp\/v2\/pages\/2015","targetHints":{"allow":["GET"]}}],"collection":[{"href":"https:\/\/endk.ch\/it\/wp-json\/wp\/v2\/pages"}],"about":[{"href":"https:\/\/endk.ch\/it\/wp-json\/wp\/v2\/types\/page"}],"author":[{"embeddable":true,"href":"https:\/\/endk.ch\/it\/wp-json\/wp\/v2\/users\/2"}],"replies":[{"embeddable":true,"href":"https:\/\/endk.ch\/it\/wp-json\/wp\/v2\/comments?post=2015"}],"version-history":[{"count":9,"href":"https:\/\/endk.ch\/it\/wp-json\/wp\/v2\/pages\/2015\/revisions"}],"predecessor-version":[{"id":3289,"href":"https:\/\/endk.ch\/it\/wp-json\/wp\/v2\/pages\/2015\/revisions\/3289"}],"wp:attachment":[{"href":"https:\/\/endk.ch\/it\/wp-json\/wp\/v2\/media?parent=2015"}],"curies":[{"name":"wp","href":"https:\/\/api.w.org\/{rel}","templated":true}]}}