{"id":2018,"date":"2025-07-18T11:42:48","date_gmt":"2025-07-18T11:42:48","guid":{"rendered":"https:\/\/dev.endk.bertaeins.ch\/stromabkommen-microsite\/"},"modified":"2025-08-28T06:56:38","modified_gmt":"2025-08-28T06:56:38","slug":"accordo-sullenergia-elettrica","status":"publish","type":"page","link":"https:\/\/endk.ch\/it\/accordo-sullenergia-elettrica\/","title":{"rendered":"Accordo sull&#8217;energia elettrica"},"content":{"rendered":"\n<div class=\"wp-block-group\" style=\"padding-top:6rem;padding-bottom:6rem\"><div class=\"wp-block-group__inner-container is-layout-constrained wp-block-group-is-layout-constrained\">\n<h2 class=\"wp-block-heading has-large-font-size\">Accordo sull&#8217;energia elettrica<\/h2>\n\n\n\n<p>L&#8217;EnDK si impegna a definire un quadro normativo per le nostre relazioni con l&#8217;UE nel settore energetico. L&#8217;accordo sull&#8217;energia elettrica garantisce il corretto funzionamento del commercio transfrontaliero e rafforza la stabilit\u00e0 della rete, contribuendo di riflesso alla sicurezza dell&#8217;approvvigionamento di elettricit\u00e0.<\/p>\n<\/div><\/div>\n\n\n\n<h3 class=\"wp-block-heading has-blau-color has-text-color has-link-color wp-elements-71289899fbb59a93b35bfb093f032392\">Una componente fondamentale per un approvvigionamento di energia elettrica sicuro ed efficiente<\/h3>\n\n\n\n<div class=\"wp-block-columns is-layout-flex wp-container-core-columns-is-layout-9d6595d7 wp-block-columns-is-layout-flex\">\n<div class=\"wp-block-column is-layout-flow wp-block-column-is-layout-flow\" style=\"flex-basis:60%\">\n<p><strong>La Svizzera \u00e8 strettamente integrata<\/strong><\/p>\n\n\n\n<p>La Svizzera \u00e8 strettamente integrata nel sistema elettrico europeo e scambia costantemente energia elettrica con i Paesi confinanti. Soprattutto nei mesi invernali, la Svizzera non \u00e8 in grado di provvedere completamente al suo fabbisogno e deve quindi fare affidamento sulle importazioni.<\/p>\n<\/div>\n\n\n\n<div class=\"wp-block-column is-layout-flow wp-block-column-is-layout-flow\" style=\"flex-basis:40%\">\n<figure class=\"wp-block-image size-large\"><img loading=\"lazy\" decoding=\"async\" width=\"1024\" height=\"725\" src=\"http:\/\/endk.ch\/wp-content\/uploads\/2025\/07\/powergrid-kraftwerk-stromnetz-manuel-stettler-3bkw-2023-1024x725.jpg\" alt=\"\" class=\"wp-image-1585\" srcset=\"https:\/\/endk.ch\/wp-content\/uploads\/2025\/07\/powergrid-kraftwerk-stromnetz-manuel-stettler-3bkw-2023-1024x725.jpg 1024w, https:\/\/endk.ch\/wp-content\/uploads\/2025\/07\/powergrid-kraftwerk-stromnetz-manuel-stettler-3bkw-2023-300x213.jpg 300w, https:\/\/endk.ch\/wp-content\/uploads\/2025\/07\/powergrid-kraftwerk-stromnetz-manuel-stettler-3bkw-2023-768x544.jpg 768w, https:\/\/endk.ch\/wp-content\/uploads\/2025\/07\/powergrid-kraftwerk-stromnetz-manuel-stettler-3bkw-2023.jpg 1200w\" sizes=\"auto, (max-width: 1024px) 100vw, 1024px\" \/><figcaption class=\"wp-element-caption\">\u00a9 Manuel Stettler, Quelle: BKW AG<\/figcaption><\/figure>\n<\/div>\n<\/div>\n\n\n\n<div style=\"height:50px\" aria-hidden=\"true\" class=\"wp-block-spacer\"><\/div>\n\n\n\n<p><strong>L&#8217;erosione della cooperazione comporta rischi e costi aggiuntivi<\/strong><\/p>\n\n\n\n<p>In assenza di garanzie giuridiche in materia di collaborazione transfrontaliera, la partecipazione della Svizzera alle piattaforme commerciali europee per l&#8217;approvvigionamento energetico e i servizi legati alla stabilit\u00e0 della rete e del sistema si sta indebolendo. Inoltre, la Svizzera rischia di essere sempre pi\u00f9 esclusa dalla pianificazione della rete, dal calcolo delle capacit\u00e0 transfrontaliere della rete e dalla cooperazione in materia di prevenzione e gestione delle crisi. Ci\u00f2 comporta rischi in termini di approvvigionamento e costi aggiuntivi a carico dei consumatori di energia elettrica in Svizzera.<\/p>\n\n\n\n<p><strong>La collaborazione rafforza la sicurezza dell&#8217;approvvigionamento<\/strong><\/p>\n\n\n\n<p>Per garantire la sicurezza dell&#8217;approvvigionamento in Svizzera sono necessari scambi di energia elettrica efficienti e un coordinamento comune delle reti con l&#8217;UE e i Paesi confinanti. Una collaborazione regolamentata consente di preservare la capacit\u00e0 della Svizzera di importare energia e di stabilizzare il funzionamento della rete.<\/p>\n\n\n\n<p><strong>Gli investimenti in Svizzera rimangono indispensabili<\/strong><\/p>\n\n\n\n<p>Un&#8217;autosufficienza della Svizzera nell&#8217;approvvigionamento di energia ed elettricit\u00e0 non \u00e8 opportuna e neppure attuabile. Un accordo sull&#8217;energia elettrica non rende tuttavia obsoleti gli investimenti nell&#8217;incremento della produzione di elettricit\u00e0 in Svizzera. Un approvvigionamento energetico sicuro premette il potenziamento della produzione al pari di uno scambio fluido e funzionale di energia elettrica. L&#8217;integrazione in un sistema elettrico di pi\u00f9 ampie dimensioni agevola la ristrutturazione del sistema, in quanto le fluttuazioni possono essere compensate pi\u00f9 facilmente.<\/p>\n\n\n\n<div style=\"height:61px\" aria-hidden=\"true\" class=\"wp-block-spacer\"><\/div>\n\n\n\n<h3 class=\"wp-block-heading has-blau-color has-text-color has-link-color wp-elements-2b74bbe3754130db13ed1961d5d69469\">Documenti<\/h3>\n\n\n\n<p>20.12.2024: <a href=\"http:\/\/endk.ch\/wp-content\/uploads\/2025\/08\/20241220_Conclusione-dei-negoziati-sullaccordo-sullelettricita.pdf\">Comunicato stampa dell&#8217;EnDK<\/a><\/p>\n\n\n\n<p>02.02.2024: <a href=\"http:\/\/endk.ch\/wp-content\/uploads\/2025\/08\/KdK-Stellungnahme-Verhandlungsmandat-20240202.pdf\">Presa di posizione della CdC sul mandato negoziale<\/a> (tedesco)<\/p>\n\n\n\n<p>19.12.2023: <a href=\"http:\/\/endk.ch\/wp-content\/uploads\/2025\/08\/20231219_Argumentarium_FAQ_Stromabkommen_EnDK_D.pdf\">Argomentario e FAQ in merito all&#8217;accordo sull&#8217;energia elettrica<\/a> (tedesco)<\/p>\n\n\n\n<div style=\"height:5px\" aria-hidden=\"true\" class=\"wp-block-spacer\"><\/div>\n\n\n\n<div class=\"wp-block-buttons is-layout-flex wp-block-buttons-is-layout-flex\">\n<div class=\"wp-block-button\"><a class=\"wp-block-button__link wp-element-button\" href=\"https:\/\/endk.ch\/it\/pubblicazioni\/\">Vedi tutte le pubblicazioni<\/a><\/div>\n<\/div>\n\n\n\n<div style=\"height:60px\" aria-hidden=\"true\" class=\"wp-block-spacer\"><\/div>\n","protected":false},"excerpt":{"rendered":"<p>Accordo sull&#8217;energia elettrica L&#8217;EnDK si impegna a definire un quadro normativo per le nostre relazioni con l&#8217;UE nel settore energetico. L&#8217;accordo sull&#8217;energia elettrica garantisce il corretto funzionamento del commercio transfrontaliero e rafforza la stabilit\u00e0 della rete, contribuendo di riflesso alla sicurezza dell&#8217;approvvigionamento di elettricit\u00e0. Una componente fondamentale per un approvvigionamento di energia elettrica sicuro ed [&hellip;]<\/p>\n","protected":false},"author":2,"featured_media":0,"parent":0,"menu_order":0,"comment_status":"closed","ping_status":"closed","template":"","meta":{"_acf_changed":false,"footnotes":""},"class_list":["post-2018","page","type-page","status-publish","hentry"],"acf":[],"yoast_head":"<!-- This site is optimized with the Yoast SEO plugin v27.2 - https:\/\/yoast.com\/product\/yoast-seo-wordpress\/ -->\n<title>Accordo sull&#039;energia elettrica - ENDK<\/title>\n<meta name=\"robots\" content=\"index, follow, max-snippet:-1, max-image-preview:large, max-video-preview:-1\" \/>\n<link rel=\"canonical\" href=\"https:\/\/endk.ch\/it\/accordo-sullenergia-elettrica\/\" \/>\n<meta property=\"og:locale\" content=\"it_IT\" \/>\n<meta property=\"og:type\" content=\"article\" \/>\n<meta property=\"og:title\" content=\"Accordo sull&#039;energia elettrica - ENDK\" \/>\n<meta property=\"og:description\" content=\"Accordo sull&#8217;energia elettrica L&#8217;EnDK si impegna a definire un quadro normativo per le nostre relazioni con l&#8217;UE nel settore energetico. L&#8217;accordo sull&#8217;energia elettrica garantisce il corretto funzionamento del commercio transfrontaliero e rafforza la stabilit\u00e0 della rete, contribuendo di riflesso alla sicurezza dell&#8217;approvvigionamento di elettricit\u00e0. Una componente fondamentale per un approvvigionamento di energia elettrica sicuro ed [&hellip;]\" \/>\n<meta property=\"og:url\" content=\"https:\/\/endk.ch\/it\/accordo-sullenergia-elettrica\/\" \/>\n<meta property=\"og:site_name\" content=\"ENDK\" \/>\n<meta property=\"article:modified_time\" content=\"2025-08-28T06:56:38+00:00\" \/>\n<meta property=\"og:image\" content=\"https:\/\/endk.ch\/wp-content\/uploads\/2025\/07\/powergrid-kraftwerk-stromnetz-manuel-stettler-3bkw-2023.jpg\" \/>\n\t<meta property=\"og:image:width\" content=\"1200\" \/>\n\t<meta property=\"og:image:height\" content=\"850\" \/>\n\t<meta property=\"og:image:type\" content=\"image\/jpeg\" \/>\n<meta name=\"twitter:card\" content=\"summary_large_image\" \/>\n<meta name=\"twitter:label1\" content=\"Tempo di lettura stimato\" \/>\n\t<meta name=\"twitter:data1\" content=\"3 minuti\" \/>\n<script type=\"application\/ld+json\" class=\"yoast-schema-graph\">{\"@context\":\"https:\/\/schema.org\",\"@graph\":[{\"@type\":\"WebPage\",\"@id\":\"https:\/\/endk.ch\/it\/accordo-sullenergia-elettrica\/\",\"url\":\"https:\/\/endk.ch\/it\/accordo-sullenergia-elettrica\/\",\"name\":\"Accordo sull'energia elettrica - ENDK\",\"isPartOf\":{\"@id\":\"https:\/\/endk.ch\/it\/#website\"},\"primaryImageOfPage\":{\"@id\":\"https:\/\/endk.ch\/it\/accordo-sullenergia-elettrica\/#primaryimage\"},\"image\":{\"@id\":\"https:\/\/endk.ch\/it\/accordo-sullenergia-elettrica\/#primaryimage\"},\"thumbnailUrl\":\"http:\/\/endk.ch\/wp-content\/uploads\/2025\/07\/powergrid-kraftwerk-stromnetz-manuel-stettler-3bkw-2023-1024x725.jpg\",\"datePublished\":\"2025-07-18T11:42:48+00:00\",\"dateModified\":\"2025-08-28T06:56:38+00:00\",\"breadcrumb\":{\"@id\":\"https:\/\/endk.ch\/it\/accordo-sullenergia-elettrica\/#breadcrumb\"},\"inLanguage\":\"it-IT\",\"potentialAction\":[{\"@type\":\"ReadAction\",\"target\":[\"https:\/\/endk.ch\/it\/accordo-sullenergia-elettrica\/\"]}]},{\"@type\":\"ImageObject\",\"inLanguage\":\"it-IT\",\"@id\":\"https:\/\/endk.ch\/it\/accordo-sullenergia-elettrica\/#primaryimage\",\"url\":\"http:\/\/endk.ch\/wp-content\/uploads\/2025\/07\/powergrid-kraftwerk-stromnetz-manuel-stettler-3bkw-2023-1024x725.jpg\",\"contentUrl\":\"http:\/\/endk.ch\/wp-content\/uploads\/2025\/07\/powergrid-kraftwerk-stromnetz-manuel-stettler-3bkw-2023-1024x725.jpg\"},{\"@type\":\"BreadcrumbList\",\"@id\":\"https:\/\/endk.ch\/it\/accordo-sullenergia-elettrica\/#breadcrumb\",\"itemListElement\":[{\"@type\":\"ListItem\",\"position\":1,\"name\":\"Startseite\",\"item\":\"https:\/\/endk.ch\/it\/\"},{\"@type\":\"ListItem\",\"position\":2,\"name\":\"Accordo sull&#8217;energia elettrica\"}]},{\"@type\":\"WebSite\",\"@id\":\"https:\/\/endk.ch\/it\/#website\",\"url\":\"https:\/\/endk.ch\/it\/\",\"name\":\"ENDK\",\"description\":\"\",\"publisher\":{\"@id\":\"https:\/\/endk.ch\/it\/#organization\"},\"potentialAction\":[{\"@type\":\"SearchAction\",\"target\":{\"@type\":\"EntryPoint\",\"urlTemplate\":\"https:\/\/endk.ch\/it\/?s={search_term_string}\"},\"query-input\":{\"@type\":\"PropertyValueSpecification\",\"valueRequired\":true,\"valueName\":\"search_term_string\"}}],\"inLanguage\":\"it-IT\"},{\"@type\":\"Organization\",\"@id\":\"https:\/\/endk.ch\/it\/#organization\",\"name\":\"ENDK\",\"url\":\"https:\/\/endk.ch\/it\/\",\"logo\":{\"@type\":\"ImageObject\",\"inLanguage\":\"it-IT\",\"@id\":\"https:\/\/endk.ch\/it\/#\/schema\/logo\/image\/\",\"url\":null,\"contentUrl\":null,\"width\":null,\"height\":null,\"caption\":\"ENDK\"},\"image\":{\"@id\":\"https:\/\/endk.ch\/it\/#\/schema\/logo\/image\/\"}}]}<\/script>\n<!-- \/ Yoast SEO plugin. -->","yoast_head_json":{"title":"Accordo sull'energia elettrica - ENDK","robots":{"index":"index","follow":"follow","max-snippet":"max-snippet:-1","max-image-preview":"max-image-preview:large","max-video-preview":"max-video-preview:-1"},"canonical":"https:\/\/endk.ch\/it\/accordo-sullenergia-elettrica\/","og_locale":"it_IT","og_type":"article","og_title":"Accordo sull'energia elettrica - ENDK","og_description":"Accordo sull&#8217;energia elettrica L&#8217;EnDK si impegna a definire un quadro normativo per le nostre relazioni con l&#8217;UE nel settore energetico. L&#8217;accordo sull&#8217;energia elettrica garantisce il corretto funzionamento del commercio transfrontaliero e rafforza la stabilit\u00e0 della rete, contribuendo di riflesso alla sicurezza dell&#8217;approvvigionamento di elettricit\u00e0. Una componente fondamentale per un approvvigionamento di energia elettrica sicuro ed [&hellip;]","og_url":"https:\/\/endk.ch\/it\/accordo-sullenergia-elettrica\/","og_site_name":"ENDK","article_modified_time":"2025-08-28T06:56:38+00:00","og_image":[{"width":1200,"height":850,"url":"https:\/\/endk.ch\/wp-content\/uploads\/2025\/07\/powergrid-kraftwerk-stromnetz-manuel-stettler-3bkw-2023.jpg","type":"image\/jpeg"}],"twitter_card":"summary_large_image","twitter_misc":{"Tempo di lettura stimato":"3 minuti"},"schema":{"@context":"https:\/\/schema.org","@graph":[{"@type":"WebPage","@id":"https:\/\/endk.ch\/it\/accordo-sullenergia-elettrica\/","url":"https:\/\/endk.ch\/it\/accordo-sullenergia-elettrica\/","name":"Accordo sull'energia elettrica - ENDK","isPartOf":{"@id":"https:\/\/endk.ch\/it\/#website"},"primaryImageOfPage":{"@id":"https:\/\/endk.ch\/it\/accordo-sullenergia-elettrica\/#primaryimage"},"image":{"@id":"https:\/\/endk.ch\/it\/accordo-sullenergia-elettrica\/#primaryimage"},"thumbnailUrl":"http:\/\/endk.ch\/wp-content\/uploads\/2025\/07\/powergrid-kraftwerk-stromnetz-manuel-stettler-3bkw-2023-1024x725.jpg","datePublished":"2025-07-18T11:42:48+00:00","dateModified":"2025-08-28T06:56:38+00:00","breadcrumb":{"@id":"https:\/\/endk.ch\/it\/accordo-sullenergia-elettrica\/#breadcrumb"},"inLanguage":"it-IT","potentialAction":[{"@type":"ReadAction","target":["https:\/\/endk.ch\/it\/accordo-sullenergia-elettrica\/"]}]},{"@type":"ImageObject","inLanguage":"it-IT","@id":"https:\/\/endk.ch\/it\/accordo-sullenergia-elettrica\/#primaryimage","url":"http:\/\/endk.ch\/wp-content\/uploads\/2025\/07\/powergrid-kraftwerk-stromnetz-manuel-stettler-3bkw-2023-1024x725.jpg","contentUrl":"http:\/\/endk.ch\/wp-content\/uploads\/2025\/07\/powergrid-kraftwerk-stromnetz-manuel-stettler-3bkw-2023-1024x725.jpg"},{"@type":"BreadcrumbList","@id":"https:\/\/endk.ch\/it\/accordo-sullenergia-elettrica\/#breadcrumb","itemListElement":[{"@type":"ListItem","position":1,"name":"Startseite","item":"https:\/\/endk.ch\/it\/"},{"@type":"ListItem","position":2,"name":"Accordo sull&#8217;energia elettrica"}]},{"@type":"WebSite","@id":"https:\/\/endk.ch\/it\/#website","url":"https:\/\/endk.ch\/it\/","name":"ENDK","description":"","publisher":{"@id":"https:\/\/endk.ch\/it\/#organization"},"potentialAction":[{"@type":"SearchAction","target":{"@type":"EntryPoint","urlTemplate":"https:\/\/endk.ch\/it\/?s={search_term_string}"},"query-input":{"@type":"PropertyValueSpecification","valueRequired":true,"valueName":"search_term_string"}}],"inLanguage":"it-IT"},{"@type":"Organization","@id":"https:\/\/endk.ch\/it\/#organization","name":"ENDK","url":"https:\/\/endk.ch\/it\/","logo":{"@type":"ImageObject","inLanguage":"it-IT","@id":"https:\/\/endk.ch\/it\/#\/schema\/logo\/image\/","url":null,"contentUrl":null,"width":null,"height":null,"caption":"ENDK"},"image":{"@id":"https:\/\/endk.ch\/it\/#\/schema\/logo\/image\/"}}]}},"_links":{"self":[{"href":"https:\/\/endk.ch\/it\/wp-json\/wp\/v2\/pages\/2018","targetHints":{"allow":["GET"]}}],"collection":[{"href":"https:\/\/endk.ch\/it\/wp-json\/wp\/v2\/pages"}],"about":[{"href":"https:\/\/endk.ch\/it\/wp-json\/wp\/v2\/types\/page"}],"author":[{"embeddable":true,"href":"https:\/\/endk.ch\/it\/wp-json\/wp\/v2\/users\/2"}],"replies":[{"embeddable":true,"href":"https:\/\/endk.ch\/it\/wp-json\/wp\/v2\/comments?post=2018"}],"version-history":[{"count":9,"href":"https:\/\/endk.ch\/it\/wp-json\/wp\/v2\/pages\/2018\/revisions"}],"predecessor-version":[{"id":3276,"href":"https:\/\/endk.ch\/it\/wp-json\/wp\/v2\/pages\/2018\/revisions\/3276"}],"wp:attachment":[{"href":"https:\/\/endk.ch\/it\/wp-json\/wp\/v2\/media?parent=2018"}],"curies":[{"name":"wp","href":"https:\/\/api.w.org\/{rel}","templated":true}]}}