{"id":2024,"date":"2025-07-18T11:13:50","date_gmt":"2025-07-18T11:13:50","guid":{"rendered":"https:\/\/dev.endk.bertaeins.ch\/wasserstoff-microsite\/"},"modified":"2025-08-28T06:58:15","modified_gmt":"2025-08-28T06:58:15","slug":"idrogeno","status":"publish","type":"page","link":"https:\/\/endk.ch\/it\/idrogeno\/","title":{"rendered":"Idrogeno"},"content":{"rendered":"\n<div class=\"wp-block-group\" style=\"padding-top:6rem;padding-bottom:6rem\"><div class=\"wp-block-group__inner-container is-layout-constrained wp-block-group-is-layout-constrained\">\n<h2 class=\"wp-block-heading has-large-font-size\">Idrogeno<\/h2>\n\n\n\n<p>L&#8217;EnDK si impegna a favore dello sviluppo dell&#8217;idrogeno verde. Questa nuova fonte energetica pu\u00f2 contribuire alla decarbonizzazione laddove un&#8217;elettrificazione \u00e8 difficilmente realizzabile. Per riuscirci, occorre collegare la Svizzera all&#8217;infrastruttura europea per l&#8217;idrogeno.<\/p>\n<\/div><\/div>\n\n\n\n<div style=\"height:50px\" aria-hidden=\"true\" class=\"wp-block-spacer\"><\/div>\n\n\n\n<h3 class=\"wp-block-heading has-blau-color has-text-color has-link-color wp-elements-2c0182adcd7fae0c30563990065b5ca7\">Un&#8217;altra freccia al proprio arco per la sicurezza dell&#8217;approvvigionamento energetico<\/h3>\n\n\n\n<div style=\"height:50px\" aria-hidden=\"true\" class=\"wp-block-spacer\"><\/div>\n\n\n\n<div class=\"wp-block-columns is-layout-flex wp-container-core-columns-is-layout-9d6595d7 wp-block-columns-is-layout-flex\">\n<div class=\"wp-block-column is-layout-flow wp-block-column-is-layout-flow\" style=\"flex-basis:60%\">\n<p><strong>Non tutti i settori possono essere decarbonizzati con l&#8217;elettricit\u00e0<\/strong><\/p>\n\n\n\n<p>L&#8217;EnDK punta a un approvvigionamento energetico sostenibile e sicuro. Al riguardo, l&#8217;idrogeno verde pu\u00f2 fornire un contributo prezioso, in quanto non tutte le applicazioni possono essere elettrificate. L&#8217;idrogeno pu\u00f2 contribuire ad abbattere le emissioni di gas serra in settori difficili da elettrificare come la mobilit\u00e0 (trasporto pesante, navigazione marittima e aerea), l&#8217;industria (processi ad alta temperatura) e l&#8217;approvvigionamento di calore (copertura dei picchi di carico nelle reti termiche).<\/p>\n<\/div>\n\n\n\n<div class=\"wp-block-column is-layout-flow wp-block-column-is-layout-flow\" style=\"flex-basis:40%\">\n<figure class=\"wp-block-image size-full is-resized\"><img loading=\"lazy\" decoding=\"async\" width=\"1200\" height=\"850\" src=\"http:\/\/endk.ch\/wp-content\/uploads\/2025\/07\/wasserkraft-pumpspeicherkaftwerk-winter-grimsel-mrichel-jaussi-bkw-2023.jpg\" alt=\"\" class=\"wp-image-1576\" style=\"object-fit:cover;width:391px;height:337px\" srcset=\"https:\/\/endk.ch\/wp-content\/uploads\/2025\/07\/wasserkraft-pumpspeicherkaftwerk-winter-grimsel-mrichel-jaussi-bkw-2023.jpg 1200w, https:\/\/endk.ch\/wp-content\/uploads\/2025\/07\/wasserkraft-pumpspeicherkaftwerk-winter-grimsel-mrichel-jaussi-bkw-2023-300x213.jpg 300w, https:\/\/endk.ch\/wp-content\/uploads\/2025\/07\/wasserkraft-pumpspeicherkaftwerk-winter-grimsel-mrichel-jaussi-bkw-2023-1024x725.jpg 1024w, https:\/\/endk.ch\/wp-content\/uploads\/2025\/07\/wasserkraft-pumpspeicherkaftwerk-winter-grimsel-mrichel-jaussi-bkw-2023-768x544.jpg 768w\" sizes=\"auto, (max-width: 1200px) 100vw, 1200px\" \/><figcaption class=\"wp-element-caption\">\u00a9 Michel Jaussi, Quelle: BKW AG<\/figcaption><\/figure>\n<\/div>\n<\/div>\n\n\n\n<div style=\"height:50px\" aria-hidden=\"true\" class=\"wp-block-spacer\"><\/div>\n\n\n\n<p><strong>Opzione per lo stoccaggio stagionale dell&#8217;energia<\/strong><\/p>\n\n\n\n<p>L&#8217;idrogeno consente l\u2019immagazzinamento di energia. In estate l&#8217;energia elettrica rinnovabile prodotta in eccesso pu\u00f2 essere trasformata in idrogeno (Power-to-Gas) e immagazzinata per poi essere riutilizzata in inverno per la produzione di calore o per la riconversione in energia elettrica. Questa procedura pu\u00f2 svolgere un ruolo importante nella sicurezza dell&#8217;approvvigionamento, poich\u00e9 finora uno stoccaggio stagionale dell&#8217;energia elettrica era possibile solo con i bacini idrici, il cui potenziale di ampliamento \u00e8 tuttavia limitato.<\/p>\n\n\n\n<p><strong>Assicurare il collegamento<\/strong><\/p>\n\n\n\n<p>Non solo in Svizzera, ma anche in Europa, si sta lavorando alla realizzazione di un&#8217;infrastruttura per l&#8217;idrogeno e alla creazione di un mercato dell&#8217;idrogeno. Poich\u00e9 con ogni probabilit\u00e0 la Svizzera non riuscir\u00e0 a coprire con le sue sole forze il proprio fabbisogno di questo combustibile, ha bisogno di accedere al mercato europeo dell&#8217;idrogeno. Il collegamento della Svizzera alla rete europea dell&#8217;idrogeno deve essere garantito, esattamente come avviene con l&#8217;elettricit\u00e0. Grazie agli attuali gasdotti di transito, la Svizzera dispone di una buona base di partenza.<\/p>\n\n\n\n<p><strong>Creare le basi<\/strong><\/p>\n\n\n\n<p>Mancano ancora basi solide per l&#8217;introduzione di un&#8217;economia dell&#8217;idrogeno. Queste devono ora essere consolidate affinch\u00e9 gli ingenti investimenti nelle infrastrutture possano essere realizzati in modo oculato. \u00c8 necessario, ad esempio, migliorare le stime del fabbisogno e definire norme e standard, in particolare in materia di sicurezza. Per gli investimenti nel collegamento alla rete europea dell&#8217;idrogeno la Confederazione dovrebbe esaminare meccanismi di copertura finanziaria. I Cantoni possono contribuire a gettare fondamenta importanti per l&#8217;aspetto pratico assicurando l&#8217;integrazione delle condutture nella pianificazione del territorio e fornendo un sostegno mirato a progetti pilota.<\/p>\n\n\n\n<div style=\"height:64px\" aria-hidden=\"true\" class=\"wp-block-spacer\"><\/div>\n\n\n\n<h3 class=\"wp-block-heading has-blau-color has-text-color has-link-color wp-elements-2b74bbe3754130db13ed1961d5d69469\">Documenti<\/h3>\n\n\n\n<p>29.08.2023<a href=\"http:\/\/endk.ch\/wp-content\/uploads\/2025\/07\/Thesen_Wasserstoff_D.pdf\" target=\"_blank\" rel=\"noreferrer noopener\">: <\/a><a href=\"http:\/\/endk.ch\/wp-content\/uploads\/2025\/07\/Thesen_Wasserstoff_D.pdf\">Tesi dell&#8217;EnDK sul tema dell&#8217;idrogeno<\/a> (tedesco)<\/p>\n\n\n\n<div style=\"height:5px\" aria-hidden=\"true\" class=\"wp-block-spacer\"><\/div>\n\n\n\n<div class=\"wp-block-buttons is-layout-flex wp-block-buttons-is-layout-flex\">\n<div class=\"wp-block-button\"><a class=\"wp-block-button__link wp-element-button\" href=\"https:\/\/endk.ch\/it\/publikationen\/\">Vedi tutte le pubblicazioni<\/a><\/div>\n<\/div>\n\n\n\n<div style=\"height:60px\" aria-hidden=\"true\" class=\"wp-block-spacer\"><\/div>\n\n\n\n<p><\/p>\n","protected":false},"excerpt":{"rendered":"<p>Idrogeno L&#8217;EnDK si impegna a favore dello sviluppo dell&#8217;idrogeno verde. Questa nuova fonte energetica pu\u00f2 contribuire alla decarbonizzazione laddove un&#8217;elettrificazione \u00e8 difficilmente realizzabile. Per riuscirci, occorre collegare la Svizzera all&#8217;infrastruttura europea per l&#8217;idrogeno. Un&#8217;altra freccia al proprio arco per la sicurezza dell&#8217;approvvigionamento energetico Non tutti i settori possono essere decarbonizzati con l&#8217;elettricit\u00e0 L&#8217;EnDK punta a [&hellip;]<\/p>\n","protected":false},"author":2,"featured_media":0,"parent":0,"menu_order":0,"comment_status":"closed","ping_status":"closed","template":"","meta":{"_acf_changed":false,"footnotes":""},"class_list":["post-2024","page","type-page","status-publish","hentry"],"acf":[],"yoast_head":"<!-- This site is optimized with the Yoast SEO plugin v27.2 - https:\/\/yoast.com\/product\/yoast-seo-wordpress\/ -->\n<title>Idrogeno - ENDK<\/title>\n<meta name=\"robots\" content=\"index, follow, max-snippet:-1, max-image-preview:large, max-video-preview:-1\" \/>\n<link rel=\"canonical\" href=\"https:\/\/endk.ch\/it\/idrogeno\/\" \/>\n<meta property=\"og:locale\" content=\"it_IT\" \/>\n<meta property=\"og:type\" content=\"article\" \/>\n<meta property=\"og:title\" content=\"Idrogeno - ENDK\" \/>\n<meta property=\"og:description\" content=\"Idrogeno L&#8217;EnDK si impegna a favore dello sviluppo dell&#8217;idrogeno verde. Questa nuova fonte energetica pu\u00f2 contribuire alla decarbonizzazione laddove un&#8217;elettrificazione \u00e8 difficilmente realizzabile. Per riuscirci, occorre collegare la Svizzera all&#8217;infrastruttura europea per l&#8217;idrogeno. Un&#8217;altra freccia al proprio arco per la sicurezza dell&#8217;approvvigionamento energetico Non tutti i settori possono essere decarbonizzati con l&#8217;elettricit\u00e0 L&#8217;EnDK punta a [&hellip;]\" \/>\n<meta property=\"og:url\" content=\"https:\/\/endk.ch\/it\/idrogeno\/\" \/>\n<meta property=\"og:site_name\" content=\"ENDK\" \/>\n<meta property=\"article:modified_time\" content=\"2025-08-28T06:58:15+00:00\" \/>\n<meta property=\"og:image\" content=\"https:\/\/endk.ch\/wp-content\/uploads\/2025\/07\/wasserkraft-pumpspeicherkaftwerk-winter-grimsel-mrichel-jaussi-bkw-2023.jpg\" \/>\n\t<meta property=\"og:image:width\" content=\"1200\" \/>\n\t<meta property=\"og:image:height\" content=\"850\" \/>\n\t<meta property=\"og:image:type\" content=\"image\/jpeg\" \/>\n<meta name=\"twitter:card\" content=\"summary_large_image\" \/>\n<meta name=\"twitter:label1\" content=\"Tempo di lettura stimato\" \/>\n\t<meta name=\"twitter:data1\" content=\"3 minuti\" \/>\n<script type=\"application\/ld+json\" class=\"yoast-schema-graph\">{\"@context\":\"https:\/\/schema.org\",\"@graph\":[{\"@type\":\"WebPage\",\"@id\":\"https:\/\/endk.ch\/it\/idrogeno\/\",\"url\":\"https:\/\/endk.ch\/it\/idrogeno\/\",\"name\":\"Idrogeno - ENDK\",\"isPartOf\":{\"@id\":\"https:\/\/endk.ch\/it\/#website\"},\"primaryImageOfPage\":{\"@id\":\"https:\/\/endk.ch\/it\/idrogeno\/#primaryimage\"},\"image\":{\"@id\":\"https:\/\/endk.ch\/it\/idrogeno\/#primaryimage\"},\"thumbnailUrl\":\"http:\/\/endk.ch\/wp-content\/uploads\/2025\/07\/wasserkraft-pumpspeicherkaftwerk-winter-grimsel-mrichel-jaussi-bkw-2023.jpg\",\"datePublished\":\"2025-07-18T11:13:50+00:00\",\"dateModified\":\"2025-08-28T06:58:15+00:00\",\"breadcrumb\":{\"@id\":\"https:\/\/endk.ch\/it\/idrogeno\/#breadcrumb\"},\"inLanguage\":\"it-IT\",\"potentialAction\":[{\"@type\":\"ReadAction\",\"target\":[\"https:\/\/endk.ch\/it\/idrogeno\/\"]}]},{\"@type\":\"ImageObject\",\"inLanguage\":\"it-IT\",\"@id\":\"https:\/\/endk.ch\/it\/idrogeno\/#primaryimage\",\"url\":\"http:\/\/endk.ch\/wp-content\/uploads\/2025\/07\/wasserkraft-pumpspeicherkaftwerk-winter-grimsel-mrichel-jaussi-bkw-2023.jpg\",\"contentUrl\":\"http:\/\/endk.ch\/wp-content\/uploads\/2025\/07\/wasserkraft-pumpspeicherkaftwerk-winter-grimsel-mrichel-jaussi-bkw-2023.jpg\"},{\"@type\":\"BreadcrumbList\",\"@id\":\"https:\/\/endk.ch\/it\/idrogeno\/#breadcrumb\",\"itemListElement\":[{\"@type\":\"ListItem\",\"position\":1,\"name\":\"Startseite\",\"item\":\"https:\/\/endk.ch\/it\/\"},{\"@type\":\"ListItem\",\"position\":2,\"name\":\"Idrogeno\"}]},{\"@type\":\"WebSite\",\"@id\":\"https:\/\/endk.ch\/it\/#website\",\"url\":\"https:\/\/endk.ch\/it\/\",\"name\":\"ENDK\",\"description\":\"\",\"publisher\":{\"@id\":\"https:\/\/endk.ch\/it\/#organization\"},\"potentialAction\":[{\"@type\":\"SearchAction\",\"target\":{\"@type\":\"EntryPoint\",\"urlTemplate\":\"https:\/\/endk.ch\/it\/?s={search_term_string}\"},\"query-input\":{\"@type\":\"PropertyValueSpecification\",\"valueRequired\":true,\"valueName\":\"search_term_string\"}}],\"inLanguage\":\"it-IT\"},{\"@type\":\"Organization\",\"@id\":\"https:\/\/endk.ch\/it\/#organization\",\"name\":\"ENDK\",\"url\":\"https:\/\/endk.ch\/it\/\",\"logo\":{\"@type\":\"ImageObject\",\"inLanguage\":\"it-IT\",\"@id\":\"https:\/\/endk.ch\/it\/#\/schema\/logo\/image\/\",\"url\":null,\"contentUrl\":null,\"width\":null,\"height\":null,\"caption\":\"ENDK\"},\"image\":{\"@id\":\"https:\/\/endk.ch\/it\/#\/schema\/logo\/image\/\"}}]}<\/script>\n<!-- \/ Yoast SEO plugin. -->","yoast_head_json":{"title":"Idrogeno - ENDK","robots":{"index":"index","follow":"follow","max-snippet":"max-snippet:-1","max-image-preview":"max-image-preview:large","max-video-preview":"max-video-preview:-1"},"canonical":"https:\/\/endk.ch\/it\/idrogeno\/","og_locale":"it_IT","og_type":"article","og_title":"Idrogeno - ENDK","og_description":"Idrogeno L&#8217;EnDK si impegna a favore dello sviluppo dell&#8217;idrogeno verde. Questa nuova fonte energetica pu\u00f2 contribuire alla decarbonizzazione laddove un&#8217;elettrificazione \u00e8 difficilmente realizzabile. Per riuscirci, occorre collegare la Svizzera all&#8217;infrastruttura europea per l&#8217;idrogeno. Un&#8217;altra freccia al proprio arco per la sicurezza dell&#8217;approvvigionamento energetico Non tutti i settori possono essere decarbonizzati con l&#8217;elettricit\u00e0 L&#8217;EnDK punta a [&hellip;]","og_url":"https:\/\/endk.ch\/it\/idrogeno\/","og_site_name":"ENDK","article_modified_time":"2025-08-28T06:58:15+00:00","og_image":[{"width":1200,"height":850,"url":"https:\/\/endk.ch\/wp-content\/uploads\/2025\/07\/wasserkraft-pumpspeicherkaftwerk-winter-grimsel-mrichel-jaussi-bkw-2023.jpg","type":"image\/jpeg"}],"twitter_card":"summary_large_image","twitter_misc":{"Tempo di lettura stimato":"3 minuti"},"schema":{"@context":"https:\/\/schema.org","@graph":[{"@type":"WebPage","@id":"https:\/\/endk.ch\/it\/idrogeno\/","url":"https:\/\/endk.ch\/it\/idrogeno\/","name":"Idrogeno - ENDK","isPartOf":{"@id":"https:\/\/endk.ch\/it\/#website"},"primaryImageOfPage":{"@id":"https:\/\/endk.ch\/it\/idrogeno\/#primaryimage"},"image":{"@id":"https:\/\/endk.ch\/it\/idrogeno\/#primaryimage"},"thumbnailUrl":"http:\/\/endk.ch\/wp-content\/uploads\/2025\/07\/wasserkraft-pumpspeicherkaftwerk-winter-grimsel-mrichel-jaussi-bkw-2023.jpg","datePublished":"2025-07-18T11:13:50+00:00","dateModified":"2025-08-28T06:58:15+00:00","breadcrumb":{"@id":"https:\/\/endk.ch\/it\/idrogeno\/#breadcrumb"},"inLanguage":"it-IT","potentialAction":[{"@type":"ReadAction","target":["https:\/\/endk.ch\/it\/idrogeno\/"]}]},{"@type":"ImageObject","inLanguage":"it-IT","@id":"https:\/\/endk.ch\/it\/idrogeno\/#primaryimage","url":"http:\/\/endk.ch\/wp-content\/uploads\/2025\/07\/wasserkraft-pumpspeicherkaftwerk-winter-grimsel-mrichel-jaussi-bkw-2023.jpg","contentUrl":"http:\/\/endk.ch\/wp-content\/uploads\/2025\/07\/wasserkraft-pumpspeicherkaftwerk-winter-grimsel-mrichel-jaussi-bkw-2023.jpg"},{"@type":"BreadcrumbList","@id":"https:\/\/endk.ch\/it\/idrogeno\/#breadcrumb","itemListElement":[{"@type":"ListItem","position":1,"name":"Startseite","item":"https:\/\/endk.ch\/it\/"},{"@type":"ListItem","position":2,"name":"Idrogeno"}]},{"@type":"WebSite","@id":"https:\/\/endk.ch\/it\/#website","url":"https:\/\/endk.ch\/it\/","name":"ENDK","description":"","publisher":{"@id":"https:\/\/endk.ch\/it\/#organization"},"potentialAction":[{"@type":"SearchAction","target":{"@type":"EntryPoint","urlTemplate":"https:\/\/endk.ch\/it\/?s={search_term_string}"},"query-input":{"@type":"PropertyValueSpecification","valueRequired":true,"valueName":"search_term_string"}}],"inLanguage":"it-IT"},{"@type":"Organization","@id":"https:\/\/endk.ch\/it\/#organization","name":"ENDK","url":"https:\/\/endk.ch\/it\/","logo":{"@type":"ImageObject","inLanguage":"it-IT","@id":"https:\/\/endk.ch\/it\/#\/schema\/logo\/image\/","url":null,"contentUrl":null,"width":null,"height":null,"caption":"ENDK"},"image":{"@id":"https:\/\/endk.ch\/it\/#\/schema\/logo\/image\/"}}]}},"_links":{"self":[{"href":"https:\/\/endk.ch\/it\/wp-json\/wp\/v2\/pages\/2024","targetHints":{"allow":["GET"]}}],"collection":[{"href":"https:\/\/endk.ch\/it\/wp-json\/wp\/v2\/pages"}],"about":[{"href":"https:\/\/endk.ch\/it\/wp-json\/wp\/v2\/types\/page"}],"author":[{"embeddable":true,"href":"https:\/\/endk.ch\/it\/wp-json\/wp\/v2\/users\/2"}],"replies":[{"embeddable":true,"href":"https:\/\/endk.ch\/it\/wp-json\/wp\/v2\/comments?post=2024"}],"version-history":[{"count":10,"href":"https:\/\/endk.ch\/it\/wp-json\/wp\/v2\/pages\/2024\/revisions"}],"predecessor-version":[{"id":3280,"href":"https:\/\/endk.ch\/it\/wp-json\/wp\/v2\/pages\/2024\/revisions\/3280"}],"wp:attachment":[{"href":"https:\/\/endk.ch\/it\/wp-json\/wp\/v2\/media?parent=2024"}],"curies":[{"name":"wp","href":"https:\/\/api.w.org\/{rel}","templated":true}]}}